{"id":11433,"date":"2026-03-05T12:14:22","date_gmt":"2026-03-05T12:14:22","guid":{"rendered":"https:\/\/marsaalamcity.com\/tour\/luxor-overnight-trip\/"},"modified":"2026-04-13T07:28:21","modified_gmt":"2026-04-13T07:28:21","slug":"tour-privato-da-marsa-alam-a-luxor","status":"publish","type":"product","link":"https:\/\/marsaalamcity.com\/it\/tour\/tour-privato-da-marsa-alam-a-luxor\/","title":{"rendered":"Tour Privato da Marsa Alam a Luxor \u2013 Scopri le Meraviglie dell&#8217;Antico Egitto"},"content":{"rendered":"<p>&nbsp;<\/p>\n<p>Per molti viaggiatori in visita al Mar Rosso, il fascino del Nilo \u00e8 irresistibile. Mentre una gita di un giorno offre uno scorcio sul passato faraonico dell\u2019Egitto, un <strong>viaggio di due giorni a Luxor<\/strong> regala qualcosa di molto pi\u00f9 prezioso: il dono del tempo.<\/p>\n<p>Invece di correre da un monumento all\u2019altro, potrete respirare la storia, ammirare la citt\u00e0 che si trasforma al tramonto e vivere la magia delle rive occidentale e orientale con un ritmo rilassato e cadenzato.<\/p>\n<p>Questo non \u00e8 solo un tour; \u00e8 un&#8217;immersione privata e curata nel pi\u00f9 grande museo a cielo aperto del mondo. Dalla silenziosa maestosit\u00e0 della Valle dei Re allo spettacolo dell&#8217;alba con le mongolfiere, ecco la tua guida completa all&#8217;itinerario perfetto per un <strong>viaggio di due giorni a Luxor<\/strong>.<\/p>\n<h2>Perch\u00e9 scegliere un tour privato di due giorni a Luxor?<\/h2>\n<p>La maggior parte dei viaggiatori visita Luxor in un&#8217;unica, estenuante giornata di 16 ore. Scegliendo l&#8217;opzione con pernottamento, si sostituisce la \u201cfatica da turista\u201d con un&#8217;esperienza di livello superiore. Il nostro tour privato \u00e8 pensato per chi apprezza il comfort e l&#8217;esclusivit\u00e0:<\/p>\n<ul>\n<li><strong>Trasporto privato:<\/strong> Niente autobus affollati. Solo voi e un veicolo moderno e climatizzato.<\/li>\n<li><strong>Guide esperte:<\/strong> Imparate da egittologi abilitati che parlano fluentemente la vostra lingua.<\/li>\n<li><strong>Cucina di alta qualit\u00e0:<\/strong> Evitiamo le enormi \u201csale buffet\u201d per un ristorante appositamente selezionato che offre autentici sapori egiziani.<\/li>\n<li><strong>I piccoli dettagli:<\/strong> Un frigo pieno di acqua minerale e bibite \u00e8 a vostra disposizione per tutto il viaggio.<\/li>\n<\/ul>\n<h2>Giorno 1: Attraversando verso l&#8217;aldil\u00e0<\/h2>\n<h3>Il viaggio ha inizio<\/h3>\n<p>Il vostro <strong>viaggio con pernottamento a Luxor<\/strong> inizia di buon&#8217;ora. Intorno alle <strong>4:00 del mattino<\/strong>, il vostro autista privato arriver\u00e0 al vostro hotel (gli orari potrebbero variare leggermente a seconda della vostra posizione specifica a Marsa Alam o sulla costa del Mar Rosso).<\/p>\n<p>Il viaggio dura circa cinque ore, con una sosta programmata presso una \u201carea di sosta\u201d dove potrete prendere un caff\u00e8 e sgranchirvi le gambe.<\/p>\n<h3>Le meraviglie della Riva Occidentale<\/h3>\n<p>Una volta arrivati in citt\u00e0, non dovrete preoccuparvi di cambiare mezzo e salire su traghetti pubblici o imbarcazioni affollate. Il vostro viaggio notturno a Luxor rimane rigorosamente privato; attraverseremo il Nilo con la nostra auto privata passando dal Ponte di Luxor.<\/p>\n<p>Questo vi consentir\u00e0 di rimanere nel comfort del vostro veicolo climatizzato, tenendo al sicuro i vostri effetti personali e il vostro gruppo unito, mentre la vostra guida esperta vi condurr\u00e0 verso la Riva Occidentale, la leggendaria \u201cTerra dei Morti\u201d.<\/p>\n<p>Qui, dove il sole tramonta dietro le vette, inizierete la vostra esplorazione delle valli silenziose dove riposano i faraoni.<\/p>\n<ol>\n<li><strong>La Valle dei Re:<\/strong> Entrate nelle tombe nascoste scavate nella roccia dei sovrani del Nuovo Regno egizio. I colori sulle pareti sono ancora oggi vividi come lo erano 3.000 anni fa.<\/li>\n<li><strong>Tempio di Hatshepsut:<\/strong> Uno splendido tempio funerario dedicato alla faraona pi\u00f9 potente d&#8217;Egitto. Il suo singolare design a terrazze \u00e8 un capolavoro dell&#8217;architettura antica.<\/li>\n<li><strong>Colossi di Memnon:<\/strong> Due imponenti statue in pietra di Amenhotep III che da millenni fanno da guardia alla necropoli.<\/li>\n<\/ol>\n<h3>Pranzo e check-in<\/h3>\n<p>Dopo una mattinata di esplorazione, ci dirigeremo verso un <strong>ristorante appositamente selezionato<\/strong>. A differenza dei tour di gruppo standard, diamo priorit\u00e0 alla qualit\u00e0 e all&#8217;atmosfera, assicurandovi di assaporare il meglio della cucina dell&#8217;Alto Egitto. Dopo pranzo, la vostra guida vi assister\u00e0 con il check-in in hotel, lasciandovi un po&#8217; di tempo per rinfrescarvi e rilassarvi.<\/p>\n<h3>Magia serale opzionale<\/h3>\n<p>Come trascorrere una serata a Luxor? La citt\u00e0 si anima quando il sole tramonta. Avete due eccellenti opzioni \u201cExtra\u201d per la vostra prima serata:<\/p>\n<ul>\n<li><strong>Spettacolo di luci e suoni:<\/strong> Un&#8217;esperienza narrativa spettacolare al Tempio di Karnak che utilizza luci e narrazione.<\/li>\n<li><strong>Tour notturno della citt\u00e0:<\/strong> Esplorate i vivaci souk (mercati) e la corniche con la vostra guida per vedere come la Luxor moderna pulsa di vita.<\/li>\n<\/ul>\n<h2>Giorno 2: La gloria della vita<\/h2>\n<h3>Opzionale: Volo in mongolfiera all&#8217;alba<\/h3>\n<p>Se state cercando il momento clou del vostro <strong><a href=\"https:\/\/egypt-hero-tours.com\/destination\/luxor-tours\/\" rel=\"nofollow noopener\" target=\"_blank\">viaggio di due giorni a Luxor<\/a> costo<\/strong>, il volo in mongolfiera \u00e8 proprio quello che fa per voi.<\/p>\n<ul>\n<li><strong>Primo volo:<\/strong> 5:30 del mattino (per l&#8217;alba vera e propria).<\/li>\n<li><strong>Secondo volo:<\/strong> 6:30 del mattino. Se prenotate il volo in mongolfiera, potete richiedere una \u201ccolazione al sacco\u201d all&#8217;hotel oppure tornare in hotel per una colazione seduti a tavola prima che inizi il resto della giornata.<\/li>\n<\/ul>\n<h3>I tesori della riva orientale<\/h3>\n<p>Dopo la colazione, ci concentriamo sulla riva orientale: la terra dei vivi, dove sorge il sole e dove furono costruiti i grandi templi per onorare gli dei.<\/p>\n<ol>\n<li><strong>Complesso del Tempio di Karnak:<\/strong> Il pi\u00f9 grande edificio religioso mai costruito. Camminare attraverso la Grande Sala Ipostila con le sue 134 colonne massicce \u00e8 un&#8217;esperienza che induce all&#8217;umilt\u00e0.<\/li>\n<li><strong>Tempio di Luxor:<\/strong> Situato nel cuore della citt\u00e0, questo tempio \u00e8 incredibilmente ben conservato e offre un collegamento diretto con i regni di Amenhotep III e Ramses II.<\/li>\n<\/ol>\n<h3>Ritorno<\/h3>\n<p>Dopo un altro delizioso pranzo, iniziamo il viaggio di ritorno verso il vostro hotel, dove arriveremo in serata con ricordi \u2014 e uno speciale <strong>regalo ricordo<\/strong> da parte nostra \u2014 che dureranno per tutta la vita.<\/p>\n<h2>Prezzo e inclusioni del viaggio di una notte a Luxor<\/h2>\n<p>Crediamo nella trasparenza. Nel calcolare il costo del vostro <strong>viaggio di una notte a Luxor<\/strong>, \u00e8 importante sapere esattamente cosa \u00e8 incluso nel vostro \u201cViaggio privato\u201d.<\/p>\n<h3>Cosa \u00e8 incluso:<\/h3>\n<ul>\n<li><strong>Veicolo privato:<\/strong> Auto o furgone moderno con aria condizionata.<\/li>\n<li><strong>Guida professionale:<\/strong> Egittologi esperti disponibili in tutte le principali lingue.<\/li>\n<li><strong>Permessi:<\/strong> Tutti i permessi di viaggio e di sicurezza necessari.<\/li>\n<li><strong>Alloggio:<\/strong> Soggiorno in hotel con colazione inclusa.<\/li>\n<li><strong>Pasti:<\/strong> Pranzo di alta qualit\u00e0 il primo e il secondo giorno.<\/li>\n<li><strong>Biglietti d&#8217;ingresso:<\/strong> Tutti i biglietti per i templi e i siti menzionati.<\/li>\n<li><strong>Rinfreschi:<\/strong> Acqua minerale e bevande analcoliche nel frigo dell&#8217;auto.<\/li>\n<li><strong>Souvenir:<\/strong> Un regalo speciale per commemorare il vostro viaggio.<\/li>\n<\/ul>\n<h3>Cosa non \u00e8 incluso:<\/h3>\n<ul>\n<li><strong>Mongolfiera:<\/strong> Un extra facoltativo (altamente raccomandato).<\/li>\n<li><strong>Cena:<\/strong> Sentitevi liberi di esplorare i ristoranti locali o di cenare in hotel.<\/li>\n<li><strong>Spettacolo di luci e suoni:<\/strong> Attivit\u00e0 serale facoltativa.<\/li>\n<li><strong>Tour serale della citt\u00e0:<\/strong> Extra facoltativo.<\/li>\n<\/ul>\n<p>Per vostra comodit\u00e0, accettiamo contanti in <strong>euro, dollari statunitensi o lire egiziane (EGP)<\/strong>.<\/p>\n<h2>Istruzioni importanti per il vostro viaggio a Luxor<\/h2>\n<p>Per garantirvi un&#8217;esperienza piacevole e senza intoppi, vi preghiamo di prendere nota dei seguenti requisiti di viaggio essenziali:<\/p>\n<h3>1. Precisazioni sui trasporti<\/h3>\n<p>Si prega di tenere presente che <strong>non esistono servizi di autobus pubblici diretti da Marsa Alam a Luxor.<\/strong> Il modo pi\u00f9 affidabile e confortevole per effettuare questo viaggio \u00e8 tramite il nostro <strong>servizio di auto privata<\/strong>.<\/p>\n<p>Ci\u00f2 vi garantisce di evitare trasferimenti multipli, lunghi tempi di attesa e il disagio dei mezzi pubblici, consentendovi di raggiungere Luxor riposati e pronti per esplorare.<\/p>\n<h3>2. Permessi di sicurezza e passaporti<\/h3>\n<p>In conformit\u00e0 con le normative egiziane, per ogni viaggio interurbano deve essere rilasciato un permesso di viaggio dalla polizia turistica.<\/p>\n<ul>\n<li><strong>Requisito:<\/strong> Tutti gli ospiti sono tenuti a <strong>inviarci una copia leggibile del proprio passaporto<\/strong> almeno <strong>24\u201348 ore prima del viaggio<\/strong>.<\/li>\n<li><strong>Scopo:<\/strong> Questo ci permette di completare in anticipo le pratiche di sicurezza, assicurando che non ci siano ritardi ai posti di controllo durante il viaggio.<\/li>\n<\/ul>\n<h3>3. Come prenotare<\/h3>\n<p>Sei pronto a prenotare il tuo posto? Prenotare \u00e8 semplice e immediato. Puoi prenotare il tuo <strong>viaggio notturno a Luxor<\/strong> o porci qualsiasi altra domanda contattandoci sul nostro sito ufficiale <strong><a href=\"https:\/\/api. whatsapp.com\/send\/?phone=201111101563&amp;text=Ciao+Marsa+Alam+City+Taxi%0D%0AMi+chiamo%3A%0D%0AVorrei+chiedere+informazioni+sul+prezzo+del+taxi....&amp; amp;type=phone_number&amp;app_absent=0\" rel=\"nofollow noopener\" target=\"_blank\">numero WhatsApp<\/a><\/strong><\/p>\n<h2>Servizi taxi affidabili a Marsa Alam City per il tuo viaggio<\/h2>\n<p>Quando pianifichi il tuo <strong>viaggio notturno a Luxor<\/strong>, la qualit\u00e0 del trasporto \u00e8 fondamentale per il tuo comfort.<\/p>\n<p>Scegliere i servizi professionali di <strong>taxi a Marsa Alam<\/strong> garantisce che il tuo viaggio di 5 ore attraverso il Deserto Orientale sia fluido, sicuro e senza stress. Invece di districarti tra le complessit\u00e0 dei mezzi pubblici o dei taxi di strada inaffidabili, il nostro servizio di trasferimento privato offre prelievi porta a porta direttamente dalla hall del tuo hotel a qualsiasi ora.<\/p>\n<p>La nostra flotta di veicoli moderni e climatizzati \u00e8 mantenuta secondo i pi\u00f9 alti standard e guidata da autisti locali esperti che conoscono perfettamente il percorso.<\/p>\n<p>Che abbiate bisogno di un trasferimento di sola andata per partecipare a una crociera sul Nilo o di un viaggio di andata e ritorno completo per la vostra avventura a Luxor, prenotare un <strong>taxi a Marsa Alam<\/strong> dedicato vi offre la flessibilit\u00e0 di iniziare il vostro viaggio secondo i vostri tempi con un prezzo fisso e trasparente.<\/p>\n<h2>Domande frequenti sul viaggio notturno a Luxor<\/h2>\n<h3>Esiste un treno notturno con vagoni letto dal Cairo a Luxor?<\/h3>\n<p>S\u00ec, esiste un treno notturno con vagoni letto che collega il Cairo a Luxor. Tuttavia, se viaggiate da localit\u00e0 costiere come Marsa Alam, un trasferimento privato su strada \u00e8 molto pi\u00f9 veloce e diretto.<\/p>\n<h3>Si pu\u00f2 visitare il Tempio di Luxor di notte?<\/h3>\n<p>S\u00ec, il Tempio di Luxor \u00e8 splendidamente illuminato di notte e di solito rimane aperto fino alle 21:00. \u00c8 uno dei modi pi\u00f9 suggestivi per vedere le rovine senza il caldo diurno.<\/p>\n<h3>Cosa fare di notte a Luxor?<\/h3>\n<p>Oltre allo spettacolo \u201cSuoni e Luci\u201d, potete passeggiare lungo la Corniche di Luxor, fare un giro su una tradizionale feluca (barca a vela) al tramonto o esplorare il mercato locale (Souq) alla ricerca di spezie, alabastro e tessuti.<\/p>\n<h3>Quanto costa un viaggio notturno a Luxor?<\/h3>\n<p>Il prezzo del viaggio di una notte a Luxor varia in base al numero di persone nel vostro gruppo privato e alla categoria di hotel scelta. Contattateci per un preventivo personalizzato che si adatti alle vostre esigenze specifiche.<\/p>\n<h3>Cosa devo mettere in valigia?<\/h3>\n<p>Sono indispensabili scarpe comode per camminare. In estate, portate un cappello e la crema solare. In inverno, portate una giacca leggera poich\u00e9 le temperature nel deserto scendono notevolmente di notte e durante i voli in mongolfiera al mattino presto.<\/p>\n<table>\n<thead>\n<tr>\n<td><strong>In primo piano<\/strong><\/td>\n<td><strong>Gita di un giorno a Luxor<\/strong><\/td>\n<td><strong>Viaggio di due giorni a Luxor<\/strong><\/td>\n<\/tr>\n<\/thead>\n<tbody>\n<tr>\n<td><strong>Ritmo<\/strong><\/td>\n<td>Veloce \/ Frenetico<\/td>\n<td>Rilassato \/ Approfondito<\/td>\n<\/tr>\n<tr>\n<td><strong>Templi visitati<\/strong><\/td>\n<td>Top 3<\/td>\n<td>Top 5+<\/td>\n<\/tr>\n<tr>\n<td><strong>Mongolfiera all&#8217;alba<\/strong><\/td>\n<td>Quasi impossibile<\/td>\n<td>Completamente disponibile<\/td>\n<\/tr>\n<tr>\n<td><strong>Atmosfera serale<\/strong><\/td>\n<td>Nessuna<\/td>\n<td>Scopri la citt\u00e0 di notte<\/td>\n<\/tr>\n<tr>\n<td><strong>Livello di fatica<\/strong><\/td>\n<td>Elevato<\/td>\n<td>Basso<\/td>\n<\/tr>\n<\/tbody>\n<\/table>\n<p>&nbsp;<\/p>\n<h2>Considerazioni finali<\/h2>\n<p>Una <strong>gita di due giorni a Luxor<\/strong> fa la differenza tra <em>vedere<\/em> l&#8217;Egitto e <em>vivere<\/em> l&#8217;Egitto. Trascorrendo l\u00ec la notte, potrete ammirare il Nilo mentre passa dalle tonalit\u00e0 dorate del tramonto ai tenui rosa dell&#8217;alba nel deserto. Con un&#8217;auto privata, una guida dedicata e tutta la logistica gi\u00e0 organizzata, il vostro unico compito sar\u00e0 quello di lasciarvi incantare dalla storia che vi circonda.<\/p>\n<p><strong>Pronti a camminare tra i Faraoni?<\/strong> Volete che verifichi la disponibilit\u00e0 per le date che preferite o che vi fornisca un preventivo specifico per le dimensioni del vostro gruppo? Chiamateci<\/p>\n<p><strong>Tour a cui potete partecipare:<\/strong><\/p>\n<ol>\n<li class=\"ova-product-title\"><a href=\"https:\/\/marsaalamcity.com\/it\/tours\/sataya-dolphins-reef-in-marsa-alam\/\">Sataya Dolphins Reef a Marsa Alam<\/a><\/li>\n<li class=\"ova-product-title\"><a href=\"https:\/\/marsaalamcity.com\/product\/hamata-island-marsa-alam-trip\/\">Escursione all&#8217;isola di Hamata a Marsa Alam<\/a><\/li>\n<li class=\"ova-product-title\"><a href=\"https:\/\/marsaalamcity.com\/product\/abu-dabab-beach-marsa-alam-trip\/\">Spiaggia di Abu Dabab a Marsa Alam<\/a><\/li>\n<li class=\"ova-product-title\"><a href=\"https:\/\/marsaalamcity.com\/product\/sharm-el-luli-marsa-alam-city-2\/\">Escursione a Sharm El Luli ed El Qulaan a Marsa Alam<\/a><\/li>\n<li class=\"ova-product-title\"><a href=\"https:\/\/marsaalamcity.com\/product\/marsa-mubarak-marsa-alam-trip\/\">Escursione a Marsa Mubarak, Marsa Alam<\/a><\/li>\n<\/ol>\n","protected":false},"excerpt":{"rendered":"<p>&nbsp; Per molti viaggiatori in visita al Mar Rosso, il fascino del Nilo \u00e8 irresistibile. Mentre una gita di un giorno offre uno scorcio sul passato faraonico dell\u2019Egitto, un viaggio di due giorni a Luxor regala qualcosa di molto pi\u00f9 prezioso: il dono del tempo. Invece di correre da un monumento all\u2019altro, potrete respirare la [&hellip;]<\/p>\n","protected":false},"featured_media":11421,"comment_status":"closed","ping_status":"closed","template":"","meta":{"_acf_changed":false},"product_brand":[],"product_cat":[150],"product_tag":[],"class_list":{"0":"post-11433","1":"product","2":"type-product","3":"status-publish","4":"has-post-thumbnail","6":"product_cat-marsa-alam","8":"first","9":"instock","10":"shipping-taxable","11":"purchasable","12":"product-type-ovabrw_car_rental"},"acf":[],"_links":{"self":[{"href":"https:\/\/marsaalamcity.com\/it\/wp-json\/wp\/v2\/product\/11433","targetHints":{"allow":["GET"]}}],"collection":[{"href":"https:\/\/marsaalamcity.com\/it\/wp-json\/wp\/v2\/product"}],"about":[{"href":"https:\/\/marsaalamcity.com\/it\/wp-json\/wp\/v2\/types\/product"}],"replies":[{"embeddable":true,"href":"https:\/\/marsaalamcity.com\/it\/wp-json\/wp\/v2\/comments?post=11433"}],"version-history":[{"count":0,"href":"https:\/\/marsaalamcity.com\/it\/wp-json\/wp\/v2\/product\/11433\/revisions"}],"wp:featuredmedia":[{"embeddable":true,"href":"https:\/\/marsaalamcity.com\/it\/wp-json\/wp\/v2\/media\/11421"}],"wp:attachment":[{"href":"https:\/\/marsaalamcity.com\/it\/wp-json\/wp\/v2\/media?parent=11433"}],"wp:term":[{"taxonomy":"product_brand","embeddable":true,"href":"https:\/\/marsaalamcity.com\/it\/wp-json\/wp\/v2\/product_brand?post=11433"},{"taxonomy":"product_cat","embeddable":true,"href":"https:\/\/marsaalamcity.com\/it\/wp-json\/wp\/v2\/product_cat?post=11433"},{"taxonomy":"product_tag","embeddable":true,"href":"https:\/\/marsaalamcity.com\/it\/wp-json\/wp\/v2\/product_tag?post=11433"}],"curies":[{"name":"wp","href":"https:\/\/api.w.org\/{rel}","templated":true}]}}