{"id":11450,"date":"2026-03-12T03:48:57","date_gmt":"2026-03-12T03:48:57","guid":{"rendered":"https:\/\/marsaalamcity.com\/?post_type=product&#038;p=11450"},"modified":"2026-04-17T21:11:33","modified_gmt":"2026-04-17T21:11:33","slug":"pesca-marsa-alam","status":"publish","type":"product","link":"https:\/\/marsaalamcity.com\/it\/tour\/pesca-marsa-alam\/","title":{"rendered":"Pesca Marsa Alam: guida completa alle escursioni in barca 2026"},"content":{"rendered":"<p>C&#8217;\u00e8 una magia tutta particolare che si sprigiona quando il sole comincia a sorgere sulle aspre montagne del Deserto Orientale, inondando di luce dorata il porto di Marsa Alam. Per chiunque abbia mai impugnato una canna da pesca o abbia semplicemente sognato il mare aperto, la frase <strong>\u201c<span style=\"color: #ff0000;\">escursione in barca da pesca a Marsa Alam<\/span>\u201d<\/strong> rappresenta molto pi\u00f9 di una semplice giornata in mare; \u00e8 un&#8217;immersione in uno degli ambienti marini pi\u00f9 incontaminati del mondo.<\/p>\n<p>Che siate pescatori professionisti alla ricerca di un Mahi-Mahi da record mondiale o una famiglia in cerca di una <span style=\"color: #ff0000;\"><strong>gita in barca privata con guida<\/strong><\/span>, Marsa Alam offre un paradiso per la pesca d&#8217;altura che rimane in gran parte incontaminato dalle folle che affollano le zone pi\u00f9 a nord.<\/p>\n<p>In questa guida, approfondiremo tutto ci\u00f2 che devi sapere per pianificare la tua escursione perfetta, dai metodi per catturare i \u201cpezzi grossi\u201d ai luoghi tranquilli e nascosti dove i pesci abboccano sempre.<\/p>\n<h2 data-start=\"1170\" data-end=\"1233\"><strong data-start=\"1170\" data-end=\"1233\">Perch\u00e9 la pesca Marsa Alam \u00e8 la migliore del Mar Rosso?<\/strong><\/h2>\n<p>Mentre localit\u00e0 come Hurghada e Sharm El Sheikh sono famose per il loro vivace turismo, Marsa Alam \u00e8 l&#8217;\u00abultima frontiera\u00bb per <span style=\"color: #ff0000;\"><strong>la pesca a <a href=\"https:\/\/it.wikipedia.org\/wiki\/Egitto\" rel=\"nofollow noopener\" target=\"_blank\">Egitto<\/a><\/strong><\/span>. Qui le acque sono pi\u00f9 profonde, le barriere coralline sono pi\u00f9 rigogliose e la variet\u00e0 di specie \u00e8 sbalorditiva. Non si tratta solo di una semplice gita in barca, ma di un&#8217;occasione per vivere un&#8217;esperienza di <strong>pesca d&#8217;altura a Marsa Alam<\/strong> che vi metter\u00e0 in contatto con gli antichi ritmi del Mar Rosso.<\/p>\n<h2>Itinerario della pesca Marsa Alam in barca 2026<\/h2>\n<p>Una giornata tipo durante la <span style=\"color: #ff0000;\">battuta di pesca nel Mar Rosso<\/span> inizia con un senso di trepidazione.<\/p>\n<ul>\n<li><strong>09:00 \u2013 Partenza:<\/strong> Il vostro viaggio inizia al porto di Marsa Alam. Navigando verso il blu, vi lascerete la costa alle spalle mentre la barca solca le onde cristalline.<\/li>\n<li><strong>Il prelievo:<\/strong> La comodit\u00e0 \u00e8 fondamentale. A seconda della distanza del vostro resort dal porto, un <span style=\"color: #ff0000;\"><strong>trasferimento privato<\/strong><\/span> (incluso nel vostro viaggio) vi verr\u00e0 a prendere e vi riaccompagner\u00e0, assicurandosi che la vostra unica preoccupazione sia il pescato del giorno.<\/li>\n<li><strong>09:30 \u2013 15:00 \u2013 La battuta di pesca:<\/strong> Trascorrerete ore navigando tra i diversi <strong><span style=\"color: #ff0000;\">punti di pesca autorizzati a Marsa<\/span> Alam<\/strong>.<\/li>\n<li><strong>Il ritorno:<\/strong> A met\u00e0 pomeriggio, tornerete al porto, spesso con una borsa termica piena di storie e, si spera, di pesce.<\/li>\n<\/ul>\n<h2>Padroneggiare le tecniche: come catturare i pesci migliori<\/h2>\n<p>Per avere successo in queste acque, \u00e8 necessario comprendere le tecniche. Un <span style=\"color: #ff0000;\">tour di pesca privato a Marsa Alam<\/span> vi offre il lusso di provare diverse tecniche sotto la guida di esperti che conoscono queste correnti come il palmo della loro mano.<\/p>\n<h3>1. Pesca alla traina dei giganti<\/h3>\n<p>Se siete alla ricerca di azione adrenalinica, la pesca alla traina \u00e8 la scelta giusta. Consiste nel guidare l&#8217;imbarcazione a velocit\u00e0 costante trainando dietro di s\u00e9 lenze con esche o esche artificiali. \u00c8 il metodo principale per catturare i \u201cgladiatori\u201d del Mar Rosso: le specie pelagiche che vivono per la caccia.<\/p>\n<ul>\n<li><strong>Specie bersaglio:<\/strong> Tonno, dorado (mahi-mahi) e, occasionalmente, anche il barracuda.<\/li>\n<li><strong>L&#8217;attrezzatura:<\/strong> Utilizzerete canne e mulinelli di alta qualit\u00e0 forniti come parte della vostra <a href=\"https:\/\/marsaalamcity.com\/fishing-boat-trip-in-marsa-alam\/\"><span style=\"color: #ff0000;\"><strong>escursione in barca da pesca a Marsa Alam<\/strong><\/span><\/a>.<\/li>\n<\/ul>\n<h3>2. Pesca di fondo: una ricompensa costante<\/h3>\n<p>Per chi preferisce un&#8217;esperienza pi\u00f9 tangibile, la pesca di fondo consiste nel calare ami innescati direttamente sul fondale marino o vicino ai bordi delle barriere coralline. \u00c8 un gioco di pazienza e sensibilit\u00e0, in cui si attende quel caratteristico \u201ctoc-toc\u201d sulla lenza.<\/p>\n<ul>\n<li><strong>Specie bersaglio:<\/strong> Cernie, dentici e pesci imperatore.<\/li>\n<li><strong>L&#8217;esca:<\/strong> Forniamo esche di pesce fresche<strong> (di solito calamari o piccoli pesci) per garantire che i residenti locali non possano resistere a un morso.<\/strong><\/li>\n<\/ul>\n<h2 data-start=\"\u201c1855\u201d\" data-end=\"\u201c1919\u201d\"><strong data-start=\"\u20181855\u2019\" data-end=\"\u201c1919\u201d\">Specie ittiche che si possono catturare durante una battuta di pesca a Marsa Alam<\/strong><\/h2>\n<p>La biodiversit\u00e0 della pesca a Marsa Alam \u00e8 ci\u00f2 che fa tornare i pescatori anno dopo anno. Quando lanciate la lenza, non sapete mai bene cosa vi tirer\u00e0 indietro.<\/p>\n<ul>\n<li>Mahi-Mahi (Dorado): Il fiore all&#8217;occhiello del Mar Rosso. Noto per le sue abbaglianti tonalit\u00e0 verde neon e giallo e per il suo incredibile spirito combattivo.<\/li>\n<li>Tonno: Che si tratti di tonno pinna gialla o tonno obeso, questi potenti pesci sono fatti per la velocit\u00e0.<\/li>\n<li>Barracuda: I \u201clupi del mare\u201d. Sono aggressivi, veloci e rendono la pesca davvero emozionante.<\/li>\n<li>Cernia e dentice: sono le star della tavola. Se cercate un pranzo delizioso, queste specie che vivono nella barriera corallina sono la scelta migliore.<\/li>\n<li>Pesce leone: sebbene siano belli e invasivi, sono sorprendentemente deliziosi se preparati correttamente dal nostro chef di bordo.<\/li>\n<\/ul>\n<h2>Dove pescare: zone di pesca autorizzate<\/h2>\n<p>La tutela dell&#8217;ambiente \u00e8 una priorit\u00e0 in Egitto. Per preservare le barriere coralline mozzafiato, vigono norme rigorose. La vostra escursione in barca con guida privata vi garantisce di rimanere all&#8217;interno delle zone consentite, senza rinunciare alle acque pi\u00f9 ricche di pesci.<\/p>\n<ul>\n<li>Bordi della barriera corallina: i pendii dove la barriera corallina incontra il blu profondo sono punti caldi per predatori come il barracuda e il trevally.<\/li>\n<li>Mare aperto: Spingersi pi\u00f9 al largo nel \u201cBig Blue\u201d apre le porte alla pesca d&#8217;altura a Marsa Alam, dove vagano le specie pelagiche.<\/li>\n<li>Bordi dei pescatori: Le nostre guide locali conoscono \u201cpunti segreti\u201d tramandati di generazione in generazione: aree in cui la topografia sottomarina crea il terreno di alimentazione perfetto per grandi banchi di pesci.<\/li>\n<\/ul>\n<p>&nbsp;<\/p>\n<p>Nota: Rispettiamo rigorosamente le zone protette \u201cvietate\u201d. Preservare la vita marina di Marsa Alam garantisce che le generazioni future possano godere dello stesso brivido che proviamo noi oggi.<\/p>\n<h2>La vita in barca: molto pi\u00f9 che semplice pesca<\/h2>\n<p>Un&#8217;esperienza con i <strong>tour di pesca a Marsa Alam<\/strong> non riguarda solo la canna da pesca, ma anche l&#8217;ospitalit\u00e0. Le nostre barche hanno una <span style=\"color: #ff0000;\"><strong>capacit\u00e0 di 6 persone<\/strong><\/span>, il che le rende perfette per piccoli gruppi di amici o famiglie.<\/p>\n<h3>Pranzo con vista<\/h3>\n<p>Uno dei momenti salienti della gita \u00e8 il pranzo.<\/p>\n<ul>\n<li><strong>L&#8217;opzione \u201cPesca fresca\u201d:<\/strong> Se la mattinata \u00e8 stata proficua e avete pescato una buona quantit\u00e0 di pesce commestibile, l&#8217;equipaggio lo pulir\u00e0 e lo griglier\u00e0 direttamente sulla barca. Non c&#8217;\u00e8 niente, assolutamente niente, che abbia un sapore migliore del pesce pescato e cucinato nell&#8217;arco della stessa ora.<\/li>\n<li><strong>Il buffet completo:<\/strong> Anche se i pesci si fanno desiderare, non resterete affamati. Offriamo un delizioso buffet con <strong>pollo, riso, insalata e kufta<\/strong>.<\/li>\n<li><strong>Idratazione:<\/strong> Bevande analcoliche e acqua minerale sono disponibili tutto il giorno per mantenervi freschi sotto il sole egiziano.<\/li>\n<\/ul>\n<h2>Organizza le tue battute di pesca in barca a Marsa Alam: logistica e prezzi<\/h2>\n<p>Quando prenoti una barca a noleggio per pescare a Marsa Alam, la trasparenza \u00e8 fondamentale. I nostri pacchetti sono pensati per essere tutto compreso, cos\u00ec potrai lasciare il portafoglio nella cassaforte dell&#8217;hotel.<\/p>\n<p>Cosa \u00e8 incluso:<\/p>\n<ul>\n<li>Trasferimento privato: servizio porta a porta dal tuo resort.<\/li>\n<li>Tutta l&#8217;attrezzatura: canne, mulinelli, lenze ed esche artificiali.<\/li>\n<li>Guida esperta: un professionista locale che vi assister\u00e0 con l&#8217;esca, il lancio e il recupero.<\/li>\n<li>Ristorazione completa: pranzo e bevande.<\/li>\n<li>Flessibilit\u00e0: le escursioni sono disponibili tutti i giorni, permettendovi di scegliere il momento meteorologico perfetto.<\/li>\n<\/ul>\n<p>Guardando gli orizzonti cristallini del Mar Rosso da una prospettiva professionale, \u00e8 chiaro che una battuta di pesca in barca a Marsa Alam \u00e8 il non plus ultra per i viaggiatori che vogliono evitare i centri turistici affollati e immergersi in qualcosa di autentico. Come persona che ha trascorso un decennio ad analizzare le esperienze di viaggio, posso dirvi: la differenza sta nei dettagli.<\/p>\n<p>Quando prenoti la tua battuta di pesca privata, non stai semplicemente noleggiando una barca; ti stai assicurando un posto in prima fila nelle acque pi\u00f9 fertili dell\u2019Egitto. Ma per sbloccare davvero il potenziale di questa costa, hai bisogno di un partner che conosca ogni scogliera e ogni porto come il palmo della propria mano.<\/p>\n<h2>Perch\u00e9 prenotare tramite Marsa Alam City?<\/h2>\n<p>In una regione in cui l&#8217;offerta pu\u00f2 sembrare travolgente, MarsaAlamCity.com si distingue come il punto di riferimento locale per eccellenza. Non ci limitiamo a elencare i tour; selezioniamo con cura esperienze che soddisfano i pi\u00f9 elevati standard di sicurezza, qualit\u00e0 delle attrezzature e ospitalit\u00e0 locale.<\/p>\n<p>Conoscenza del territorio di cui ti puoi fidare<\/p>\n<p>Quando parliamo dei migliori punti di pesca che Marsa Alam ha da offrire, non stiamo tirando a indovinare. Il nostro team lavora direttamente con capitani che hanno trascorso decenni a navigare tra queste specifiche maree. Che tu stia puntando a una battuta di pesca d&#8217;altura da record a Marsa Alam o a una rilassante giornata in famiglia, ti abbiniamo all&#8217;equipaggio e all&#8217;attrezzatura giusti.<\/p>\n<p>Logistica<\/p>\n<p>Dal momento in cui navighi sul nostro sito fino al momento in cui il nostro trasferimento privato ti riporta al tuo resort, ci occupiamo noi di tutto.<\/p>\n<p>Disponibilit\u00e0 in tempo reale: le nostre gite in barca a Marsa Alam sono disponibili tutti i giorni, ma poich\u00e9 diamo la priorit\u00e0 alle gite private con guida, ti consigliamo di prenotare in anticipo per assicurarti le imbarcazioni migliori.<br \/>\nEccellenza all-inclusive: nessun costo nascosto per l&#8217;attrezzatura da pesca, le esche o il pranzo. Quello che vedi \u00e8 esattamente quello che ottieni: una giornata premium e senza stress in mare.<\/p>\n<h2>Il vantaggio di \u201cMarsa Alam City\u201d<\/h2>\n<p>Crediamo che <strong>la pesca in Egitto<\/strong> debba essere accessibile a tutti, indipendentemente dal livello di abilit\u00e0. Ecco perch\u00e9 la nostra piattaforma si concentra su:<\/p>\n<ol>\n<li><strong>Sostenibilit\u00e0:<\/strong> Ci assicuriamo che tutti i nostri partner rispettino le aree marine protette, mantenendo il Mar Rosso vivace per gli anni a venire.<\/li>\n<li><strong>Attrezzatura di qualit\u00e0:<\/strong> Niente lenze sfilacciate o ami arrugginiti. Insistiamo su standard di noleggio barche di livello professionale <strong>per la pesca a Marsa Alam<\/strong>.<\/li>\n<li><strong>Il tocco umano:<\/strong> Le nostre guide non sono l\u00ec solo per mettere l&#8217;esca agli ami; sono narratori ed esperti che rendono le vostre <strong>ESCURSIONI DI PESCA NEL MAR ROSSO A MARSA ALAM<\/strong> indimenticabili.<\/li>\n<\/ol>\n<h3>Pronti a lanciare la lenza?<\/h3>\n<p>Non accontentarti di un&#8217;escursione generica. Vivi il Mar Rosso come dovrebbe essere visto: dal ponte di una barca privata con una canna in mano e il sole alle spalle.<\/p>\n<p><strong>Visita <a href=\"https:\/\/marsaalamcity.com\/\">MarsaAlamCity.com<\/a> oggi<\/strong> per sfogliare la nostra gamma completa di <span style=\"color: #ff0000;\">escursioni a Marsa Alam <\/span> e assicurarti il tuo posto in mare. Che tu stia dando la caccia al leggendario Mahi-Mahi o semplicemente cercando il pranzo a base di pesce pi\u00f9 fresco che tu abbia mai assaggiato, siamo qui per realizzare il tuo desiderio.<\/p>\n<h2>Domande frequenti sull&#8217;escursione in barca da pesca a Marsa Alam<\/h2>\n<h3>Vale la pena visitare Marsa Alam?<\/h3>\n<p>Assolutamente s\u00ec. Sebbene sia pi\u00f9 tranquilla rispetto ad altre localit\u00e0 del Mar Rosso, \u00e8 proprio questo il suo fascino. Offre alcune delle migliori opportunit\u00e0 al mondo per le immersioni, lo snorkeling e la pesca, il tutto abbinato a resort di lusso e a un&#8217;atmosfera tranquilla e autentica.<\/p>\n<h3>Che tipo di pesci si trovano a Marsa Alam?<\/h3>\n<p>Si pu\u00f2 trovare una grande variet\u00e0, tra cui il mahi-mahi, il tonno pinna gialla, il barracuda, le cernie, i dentici, il pesce imperatore e il pesce leone. Le scogliere a strapiombo in acque profonde attraggono anche, in rare occasioni, grandi pelagici come il pesce vela.<\/p>\n<h3>Dove vedere i dugonghi a Marsa Alam?<\/h3>\n<p>Il luogo pi\u00f9 famoso per vedere il raro dugongo (mucca di mare) \u00e8 <strong>la baia di Abu Dabbab<\/strong> o <strong>Marsa Mubarak<\/strong>. Anche se le nostre battute di pesca si tengono lontane da queste aree protette di praterie marine per evitare di disturbarli, sono assolutamente da vedere durante il vostro soggiorno nella zona!<\/p>\n<h3>\u00c8 necessaria una precedente esperienza di pesca per partecipare a un&#8217;escursione in barca a Marsa Alam?<\/h3>\n<p>Assolutamente no. La nostra <strong>escursione di pesca guidata a Marsa Alam<\/strong> \u00e8 perfetta per i principianti. Le nostre guide vi insegneranno come maneggiare l&#8217;attrezzatura, come infilare l&#8217;esca e le tecniche migliori per tirare a bordo la vostra prima preda.<\/p>\n<h3>Le battute di pesca a Marsa Alam sono sicure?<\/h3>\n<p>S\u00ec. Le nostre imbarcazioni sono dotate di tutti i dispositivi di sicurezza necessari, compresi giubbotti di salvataggio e sistemi di comunicazione. I nostri capitani sono molto esperti e navigano da anni nel Mar Rosso. Inoltre, monitoriamo attentamente le condizioni meteorologiche per garantire un viaggio tranquillo e piacevole.<\/p>\n<h2>Considerazioni finali di un professionista esperto<\/h2>\n<p>Dopo un decennio passato a scrivere di viaggi, ho imparato che i viaggi migliori sono quelli che ti mettono un po\u2019 alla prova. C\u2019\u00e8 un profondo senso di soddisfazione nel tirare a riva un pesce nel bel mezzo del Mar Rosso, circondati solo dall\u2019orizzonte blu e dal profumo dell\u2019aria salmastra.<\/p>\n<p>Che tu stia cercando la \u201cpesca della vita\u201d o semplicemente una giornata tranquilla in un <strong><span style=\"color: #ff0000;\">tour di pesca nel Mar Rosso in Egitto <\/span><\/strong>con i tuoi cari, Marsa Alam ti aspetta. Le canne sono montate, l&#8217;esca \u00e8 pronta e il Mar Rosso ti chiama.<\/p>\n<p><span style=\"color: #ff0000;\"><strong>Tour a cui puoi partecipare:<\/strong><\/span><\/p>\n<ol>\n<li class=\"ova-product-title\"><a href=\"https:\/\/marsaalamcity.com\/it\/tours\/sataya-dolphins-reef-in-marsa-alam\/\">Sataya Dolphins Reef a Marsa Alam<\/a><\/li>\n<li class=\"ova-product-title\"><a href=\"https:\/\/marsaalamcity.com\/product\/hamata-island-marsa-alam-trip\/\">Escursione all&#8217;isola di Hamata a Marsa Alam<\/a><\/li>\n<li class=\"ova-product-title\"><a href=\"https:\/\/marsaalamcity.com\/product\/abu-dabab-beach-marsa-alam-trip\/\">Spiaggia di Abu Dabab a Marsa Alam<\/a><\/li>\n<li class=\"ova-product-title\"><a href=\"https:\/\/marsaalamcity.com\/product\/sharm-el-luli-marsa-alam-city-2\/\">Escursione a Sharm El Luli ed El Qulaan a Marsa Alam<\/a><\/li>\n<li class=\"ova-product-title\"><a href=\"https:\/\/marsaalamcity.com\/product\/marsa-mubarak-marsa-alam-trip\/\">Escursione a Marsa Mubarak, Marsa Alam<\/a><\/li>\n<\/ol>\n","protected":false},"excerpt":{"rendered":"<p>C&#8217;\u00e8 una magia tutta particolare che si sprigiona quando il sole comincia a sorgere sulle aspre montagne del Deserto Orientale, inondando di luce dorata il porto di Marsa Alam. Per chiunque abbia mai impugnato una canna da pesca o abbia semplicemente sognato il mare aperto, la frase \u201cescursione in barca da pesca a Marsa Alam\u201d [&hellip;]<\/p>\n","protected":false},"featured_media":11451,"comment_status":"closed","ping_status":"closed","template":"","meta":{"_acf_changed":false},"product_brand":[],"product_cat":[150],"product_tag":[],"class_list":{"0":"post-11450","1":"product","2":"type-product","3":"status-publish","4":"has-post-thumbnail","6":"product_cat-marsa-alam","8":"first","9":"instock","10":"shipping-taxable","11":"product-type-ovabrw_car_rental"},"acf":[],"_links":{"self":[{"href":"https:\/\/marsaalamcity.com\/it\/wp-json\/wp\/v2\/product\/11450","targetHints":{"allow":["GET"]}}],"collection":[{"href":"https:\/\/marsaalamcity.com\/it\/wp-json\/wp\/v2\/product"}],"about":[{"href":"https:\/\/marsaalamcity.com\/it\/wp-json\/wp\/v2\/types\/product"}],"replies":[{"embeddable":true,"href":"https:\/\/marsaalamcity.com\/it\/wp-json\/wp\/v2\/comments?post=11450"}],"version-history":[{"count":0,"href":"https:\/\/marsaalamcity.com\/it\/wp-json\/wp\/v2\/product\/11450\/revisions"}],"wp:featuredmedia":[{"embeddable":true,"href":"https:\/\/marsaalamcity.com\/it\/wp-json\/wp\/v2\/media\/11451"}],"wp:attachment":[{"href":"https:\/\/marsaalamcity.com\/it\/wp-json\/wp\/v2\/media?parent=11450"}],"wp:term":[{"taxonomy":"product_brand","embeddable":true,"href":"https:\/\/marsaalamcity.com\/it\/wp-json\/wp\/v2\/product_brand?post=11450"},{"taxonomy":"product_cat","embeddable":true,"href":"https:\/\/marsaalamcity.com\/it\/wp-json\/wp\/v2\/product_cat?post=11450"},{"taxonomy":"product_tag","embeddable":true,"href":"https:\/\/marsaalamcity.com\/it\/wp-json\/wp\/v2\/product_tag?post=11450"}],"curies":[{"name":"wp","href":"https:\/\/api.w.org\/{rel}","templated":true}]}}