{"id":8406,"date":"2025-01-14T23:54:28","date_gmt":"2025-01-14T23:54:28","guid":{"rendered":"https:\/\/marsaalamcity.com\/new\/product\/dugong-beach-marsa-alam-trip\/"},"modified":"2026-04-14T11:34:58","modified_gmt":"2026-04-14T11:34:58","slug":"gita-snorkeling-abu-dabab-da-marsa-alam","status":"publish","type":"product","link":"https:\/\/marsaalamcity.com\/it\/tour\/gita-snorkeling-abu-dabab-da-marsa-alam\/","title":{"rendered":"Gita di Snorkeling alla Baia di Abu Dabab da Marsa Alam \u2013 Nuota con Dugonghi e Tartatughe Marine"},"content":{"rendered":"<h3 class=\"\" data-start=\"812\" data-end=\"916\"><strong data-start=\"816\" data-end=\"916\">Gita di Snorkeling alla Baia di Abu Dabab da Marsa Alam \u2013 Nuota con Dugonghi e Tartatughe Marine<\/strong><\/h3>\n<div id=\"attachment_9932\" style=\"width: 444px\" class=\"wp-caption alignleft\"><img fetchpriority=\"high\" decoding=\"async\" aria-describedby=\"caption-attachment-9932\" class=\" wp-image-9932\" src=\"https:\/\/marsaalamcity.com\/wp-content\/uploads\/2025\/04\/marsa-mubarak1-1-300x200.webp\" alt=\"Gita di snorkeling Abu Dabab Marsa Alam\" width=\"434\" height=\"289\" title=\"\" srcset=\"https:\/\/marsaalamcity.com\/wp-content\/uploads\/2025\/04\/marsa-mubarak1-1-300x200.webp 300w, https:\/\/marsaalamcity.com\/wp-content\/uploads\/2025\/04\/marsa-mubarak1-1-18x12.webp 18w, https:\/\/marsaalamcity.com\/wp-content\/uploads\/2025\/04\/marsa-mubarak1-1-600x400.webp 600w, https:\/\/marsaalamcity.com\/wp-content\/uploads\/2025\/04\/marsa-mubarak1-1.webp 720w\" sizes=\"(max-width: 434px) 100vw, 434px\" \/><p id=\"caption-attachment-9932\" class=\"wp-caption-text\">Gita di snorkeling Abu Dabab Marsa Alam<\/p><\/div>\n<p class=\"\" data-start=\"918\" data-end=\"1328\">Partecipa a una <strong data-start=\"934\" data-end=\"979\">gita di snorkeling alla baia di Abu Dabab<\/strong> da Marsa Alam, uno dei luoghi pi\u00f9 affascinanti nel Mar Rosso. Abu Dabab \u00e8 famosa per le sue acque cristalline, la ricca vita marina, e la rara opportunit\u00e0 di incontrare il dugongo, una creatura marina in via di estinzione. Scopri un <em data-start=\"1213\" data-end=\"1230\">paradiso marino<\/em> dove non solo potrai fare snorkeling, ma anche osservare i dugonghi e le tartarughe marine verdi.<\/p>\n<p class=\"\" data-start=\"1330\" data-end=\"1699\">Situata a breve distanza da Marsa Alam, la <strong data-start=\"1373\" data-end=\"1394\">baia di Abu Dabab<\/strong> \u00e8 un vero e proprio santuario marino. Questo sito offre l&#8217;occasione unica di nuotare con <strong data-start=\"1484\" data-end=\"1496\">dugonghi<\/strong> e ammirare le <em data-start=\"1511\" data-end=\"1531\">barriere coralline<\/em> vibranti, perfette per lo snorkeling. Le acque cristalline e la vita marina variegata fanno di questo posto una destinazione imperdibile per tutti gli amanti del mare.<\/p>\n<hr class=\"\" data-start=\"1701\" data-end=\"1704\" \/>\n<h3 class=\"\" data-start=\"1706\" data-end=\"1764\"><strong data-start=\"1710\" data-end=\"1764\">Punti Salienti del Viaggio alla Baia di Abu Dabab:<\/strong><\/h3>\n<ul data-start=\"1766\" data-end=\"2425\">\n<li class=\"\" data-start=\"1766\" data-end=\"1947\">\n<p class=\"\" data-start=\"1768\" data-end=\"1947\"><strong data-start=\"1768\" data-end=\"1809\">Esplorazione della Baia di Abu Dabab:<\/strong> Abu Dabab \u00e8 un&#8217;affascinante destinazione per lo snorkeling e le immersioni, con barriere coralline spettacolari e una biodiversit\u00e0 unica.<\/p>\n<\/li>\n<li class=\"\" data-start=\"1951\" data-end=\"2207\">\n<p class=\"\" data-start=\"1953\" data-end=\"2207\"><strong data-start=\"1953\" data-end=\"1985\">Incontro con la Vita Marina:<\/strong> La baia ospita <strong data-start=\"2001\" data-end=\"2013\">dugonghi<\/strong> in via di estinzione, che nuotano in queste acque per nutrirsi delle alghe. Tieni gli occhi aperti anche per le tartarughe marine verdi, che sono anch&#8217;esse frequenti in questo santuario marino.<\/p>\n<\/li>\n<li class=\"\" data-start=\"2209\" data-end=\"2425\">\n<p class=\"\" data-start=\"2211\" data-end=\"2425\"><strong data-start=\"2211\" data-end=\"2253\">Spiaggia Sabbiosa e Acque Cristalline:<\/strong> Rilassati sulla sabbia dorata della baia e fai un tuffo nelle acque turchesi per esplorare il mondo sottomarino, un&#8217;esperienza unica per tutti gli amanti dello snorkeling.<\/p>\n<\/li>\n<\/ul>\n<hr class=\"\" data-start=\"2427\" data-end=\"2430\" \/>\n<h3 class=\"\" data-start=\"2432\" data-end=\"2490\"><strong data-start=\"2436\" data-end=\"2490\">Cosa \u00e8 Incluso nel Viaggio alla Baia di Abu Dabab:<\/strong><\/h3>\n<ul data-start=\"2491\" data-end=\"2721\">\n<li class=\"\" data-start=\"2491\" data-end=\"2535\">\n<p class=\"\" data-start=\"2493\" data-end=\"2535\">Trasporto in barca per raggiungere la baia<\/p>\n<\/li>\n<li class=\"\" data-start=\"2536\" data-end=\"2604\">\n<p class=\"\" data-start=\"2538\" data-end=\"2604\">Guida esperta per lo snorkeling e l&#8217;esplorazione della vita marina<\/p>\n<\/li>\n<li class=\"\" data-start=\"2605\" data-end=\"2643\">\n<p class=\"\" data-start=\"2607\" data-end=\"2643\">Attrezzatura completa per snorkeling<\/p>\n<\/li>\n<li class=\"\" data-start=\"2644\" data-end=\"2721\">\n<p class=\"\" data-start=\"2646\" data-end=\"2721\">Tempo libero per rilassarti sulla spiaggia o esplorare le acque cristalline<\/p>\n<\/li>\n<\/ul>\n<hr class=\"\" data-start=\"2723\" data-end=\"2726\" \/>\n<h3 class=\"\" data-start=\"2728\" data-end=\"2788\"><strong data-start=\"2732\" data-end=\"2788\">Orari e Dettagli della Gita di Snorkeling Abu Dabab:<\/strong><\/h3>\n<ul data-start=\"2789\" data-end=\"2936\">\n<li class=\"\" data-start=\"2789\" data-end=\"2828\">\n<p class=\"\" data-start=\"2791\" data-end=\"2828\"><strong data-start=\"2791\" data-end=\"2814\">Durata del Viaggio:<\/strong> Circa 5-6 ore<\/p>\n<\/li>\n<li class=\"\" data-start=\"2829\" data-end=\"2869\">\n<p class=\"\" data-start=\"2831\" data-end=\"2869\"><strong data-start=\"2831\" data-end=\"2854\">Orario di Partenza:<\/strong> Mattina presto<\/p>\n<\/li>\n<li class=\"\" data-start=\"2870\" data-end=\"2936\">\n<p class=\"\" data-start=\"2872\" data-end=\"2936\"><strong data-start=\"2872\" data-end=\"2885\">Adatto a:<\/strong> Tutti, dai principianti agli esperti di snorkeling<\/p>\n<\/li>\n<\/ul>\n<hr class=\"\" data-start=\"2938\" data-end=\"2941\" \/>\n<h3 class=\"\" data-start=\"2943\" data-end=\"3006\"><strong data-start=\"2947\" data-end=\"3006\">Perch\u00e9 Scegliere Questo Viaggio alla Baia di Abu Dabab?<\/strong><\/h3>\n<p class=\"\" data-start=\"3007\" data-end=\"3313\">Una <strong data-start=\"3011\" data-end=\"3056\">gita di snorkeling alla baia di Abu Dabab<\/strong> ti permetter\u00e0 di esplorare uno degli ecosistemi marini pi\u00f9 belli del Mar Rosso. Nuota con i dugonghi e scopri la ricca fauna marina in un ambiente naturale preservato. Approfitta di questa occasione unica per vivere un&#8217;esperienza che ricorderai per sempre.<\/p>\n<hr class=\"\" data-start=\"3315\" data-end=\"3318\" \/>\n<p class=\"\" data-start=\"3320\" data-end=\"3417\"><strong data-start=\"3320\" data-end=\"3417\">Prenota Ora la Tua Gita di Snorkeling alla Baia di Abu Dabab e Scopri la Magia del Mar Rosso!<\/p>\n<p><\/strong><\/p>\n<p>&nbsp;<\/p>\n","protected":false},"excerpt":{"rendered":"<ul>\n<li>The Caucasus Mountains are a mountain range at the intersection of Asia and Europe<\/li>\n<\/ul>\n","protected":false},"featured_media":8082,"comment_status":"open","ping_status":"closed","template":"","meta":{"_acf_changed":false},"product_brand":[],"product_cat":[150],"product_tag":[],"class_list":{"0":"post-8406","1":"product","2":"type-product","3":"status-publish","4":"has-post-thumbnail","6":"product_cat-marsa-alam","8":"first","9":"instock","10":"featured","11":"shipping-taxable","12":"product-type-ovabrw_car_rental"},"acf":[],"_links":{"self":[{"href":"https:\/\/marsaalamcity.com\/it\/wp-json\/wp\/v2\/product\/8406","targetHints":{"allow":["GET"]}}],"collection":[{"href":"https:\/\/marsaalamcity.com\/it\/wp-json\/wp\/v2\/product"}],"about":[{"href":"https:\/\/marsaalamcity.com\/it\/wp-json\/wp\/v2\/types\/product"}],"replies":[{"embeddable":true,"href":"https:\/\/marsaalamcity.com\/it\/wp-json\/wp\/v2\/comments?post=8406"}],"version-history":[{"count":0,"href":"https:\/\/marsaalamcity.com\/it\/wp-json\/wp\/v2\/product\/8406\/revisions"}],"wp:featuredmedia":[{"embeddable":true,"href":"https:\/\/marsaalamcity.com\/it\/wp-json\/wp\/v2\/media\/8082"}],"wp:attachment":[{"href":"https:\/\/marsaalamcity.com\/it\/wp-json\/wp\/v2\/media?parent=8406"}],"wp:term":[{"taxonomy":"product_brand","embeddable":true,"href":"https:\/\/marsaalamcity.com\/it\/wp-json\/wp\/v2\/product_brand?post=8406"},{"taxonomy":"product_cat","embeddable":true,"href":"https:\/\/marsaalamcity.com\/it\/wp-json\/wp\/v2\/product_cat?post=8406"},{"taxonomy":"product_tag","embeddable":true,"href":"https:\/\/marsaalamcity.com\/it\/wp-json\/wp\/v2\/product_tag?post=8406"}],"curies":[{"name":"wp","href":"https:\/\/api.w.org\/{rel}","templated":true}]}}