{"id":8408,"date":"2025-01-17T19:02:12","date_gmt":"2025-01-17T19:02:12","guid":{"rendered":"https:\/\/marsaalamcity.com\/new\/product\/marsa-mubarak-marsa-alam-trip\/"},"modified":"2026-04-15T01:16:06","modified_gmt":"2026-04-15T01:16:06","slug":"snorkeling-al-porto-turistico-di-port-ghalib","status":"publish","type":"product","link":"https:\/\/marsaalamcity.com\/it\/tour\/snorkeling-al-porto-turistico-di-port-ghalib\/","title":{"rendered":"Avventura di Snorkeling al Porto Turistico di Port Ghalib &#8211; Esplora Marsa Mubarak"},"content":{"rendered":"<p class=\"\" data-start=\"541\" data-end=\"555\"><strong data-start=\"541\" data-end=\"555\">Panoramica<\/strong><\/p>\n<div id=\"attachment_9940\" style=\"width: 477px\" class=\"wp-caption alignleft\"><img fetchpriority=\"high\" decoding=\"async\" aria-describedby=\"caption-attachment-9940\" class=\" wp-image-9940\" src=\"https:\/\/marsaalamcity.com\/wp-content\/uploads\/2025\/04\/7500640308_c57da0b377_b-1-300x200.webp\" alt=\"Snorkeling al Porto Turistico di Port Ghalib\" width=\"467\" height=\"311\" title=\"\" srcset=\"https:\/\/marsaalamcity.com\/wp-content\/uploads\/2025\/04\/7500640308_c57da0b377_b-1-300x200.webp 300w, https:\/\/marsaalamcity.com\/wp-content\/uploads\/2025\/04\/7500640308_c57da0b377_b-1-18x12.webp 18w, https:\/\/marsaalamcity.com\/wp-content\/uploads\/2025\/04\/7500640308_c57da0b377_b-1-600x400.webp 600w, https:\/\/marsaalamcity.com\/wp-content\/uploads\/2025\/04\/7500640308_c57da0b377_b-1.webp 720w\" sizes=\"(max-width: 467px) 100vw, 467px\" \/><p id=\"caption-attachment-9940\" class=\"wp-caption-text\">Snorkeling al Porto Turistico di Port Ghalib<\/p><\/div>\n<p class=\"\" data-start=\"557\" data-end=\"1148\">Unisciti a noi per un&#8217;incredibile <strong data-start=\"591\" data-end=\"652\">avventura di snorkeling al Porto Turistico di Port Ghalib<\/strong> e scopri il vibrante mondo sottomarino di Marsa Alam! Questa esperienza ti porter\u00e0 alla scoperta delle meraviglie marine di una delle destinazioni pi\u00f9 belle dell&#8217;Egitto, con un&#8217;attenzione particolare alla famosa Marsa Mubarak. Goditi il viaggio senza preoccupazioni con il ritiro e la riconsegna dal tuo hotel, il trasporto comodo e una variet\u00e0 di bevande rinfrescanti a bordo. Inoltre, l&#8217;attrezzatura per lo snorkeling \u00e8 inclusa, cos\u00ec potrai concentrarti solo sul divertimento e l&#8217;esplorazione.<\/p>\n<hr class=\"\" data-start=\"1150\" data-end=\"1153\" \/>\n<p class=\"\" data-start=\"1155\" data-end=\"1205\"><strong data-start=\"1155\" data-end=\"1205\">Punti Salienti del Viaggio (Tempi di Viaggio):<\/strong><\/p>\n<ol data-start=\"1207\" data-end=\"2081\">\n<li class=\"\" data-start=\"1207\" data-end=\"1468\">\n<p class=\"\" data-start=\"1210\" data-end=\"1468\"><strong data-start=\"1210\" data-end=\"1236\">Esplora Marsa Mubarak:<\/strong> Scopri una delle localit\u00e0 pi\u00f9 affascinanti di Marsa Alam, nota per le sue acque cristalline e le barriere coralline intatte. Marsa Mubarak \u00e8 famosa per la sua abbondante vita marina, tra cui tartarughe marine e pesci coloratissimi.<\/p>\n<\/li>\n<li class=\"\" data-start=\"1470\" data-end=\"1694\">\n<p class=\"\" data-start=\"1473\" data-end=\"1694\"><strong data-start=\"1473\" data-end=\"1501\">Soste per lo Snorkeling:<\/strong> Approfitta di 2 o 3 soste per lo snorkeling in diversi punti strategici, dove potrai esplorare gli ecosistemi acquatici unici del Mar Rosso e osservare la straordinaria variet\u00e0 di vita marina.<\/p>\n<\/li>\n<li class=\"\" data-start=\"1696\" data-end=\"1894\">\n<p class=\"\" data-start=\"1699\" data-end=\"1894\"><strong data-start=\"1699\" data-end=\"1722\">Comodit\u00e0 e Servizi:<\/strong> Goditi il servizio completo con il ritiro e la riconsegna dal tuo hotel, per una giornata senza stress. A bordo, potrai gustare bevande gratuite, tra cui t\u00e8, caff\u00e8 e cola.<\/p>\n<\/li>\n<li class=\"\" data-start=\"1896\" data-end=\"2081\">\n<p class=\"\" data-start=\"1899\" data-end=\"2081\"><strong data-start=\"1899\" data-end=\"1918\">Pranzo a Bordo:<\/strong> Dopo l&#8217;emozionante snorkeling, rilassati e goditi un delizioso pranzo, con un&#8217;ampia scelta di piatti che ti permetteranno di ricaricarti e continuare l&#8217;avventura.<\/p>\n<\/li>\n<\/ol>\n<hr class=\"\" data-start=\"2083\" data-end=\"2086\" \/>\n<p class=\"\" data-start=\"2088\" data-end=\"2170\"><strong data-start=\"2088\" data-end=\"2170\">Perch\u00e9 Scegliere l&#8217;Escursione di Snorkeling al Porto Turistico di Port Ghalib?<\/strong><\/p>\n<p class=\"\" data-start=\"2172\" data-end=\"2628\">Il <strong data-start=\"2175\" data-end=\"2223\">snorkeling al Porto Turistico di Port Ghalib<\/strong> \u00e8 una delle esperienze pi\u00f9 straordinarie che puoi vivere a Marsa Alam. Esplora la bellezza sottomarina di Marsa Mubarak e delle altre localit\u00e0 circostanti, senza preoccuparti di nulla grazie al nostro servizio completo. Con le soste per lo snorkeling, l&#8217;attrezzatura fornita e la comodit\u00e0 del trasporto e dei rinfreschi, questa avventura ti garantir\u00e0 una giornata indimenticabile nel cuore del Mar Rosso.<\/p>\n<p>&nbsp;<\/p>\n<hr style=\"border-width: 1; color: #e6e6e6;\" \/>\n<h2>Per iscriverti al viaggio compila il seguente Form<\/h2>\n<div class=\"wpforms-container wpforms-container-full wpforms-render-modern\" id=\"wpforms-8397\"><form id=\"wpforms-form-8397\" class=\"wpforms-validate wpforms-form wpforms-ajax-form\" data-formid=\"8397\" method=\"post\" enctype=\"multipart\/form-data\" action=\"\/it\/wp-json\/wp\/v2\/product\/8408?wpforms_form_id=8397\" data-token=\"83322489c29ffcda063d3de34792e5b0\"><noscript class=\"wpforms-error-noscript\">Abilita JavaScript nel browser per completare questo modulo.<\/noscript><div class=\"wpforms-hidden\" id=\"wpforms-error-noscript\">Abilita JavaScript nel browser per completare questo modulo.<\/div><div class=\"wpforms-field-container\"><div id=\"wpforms-8397-field_1-container\" class=\"wpforms-field wpforms-field-text\" data-field-id=\"1\"><label class=\"wpforms-field-label\" for=\"wpforms-8397-field_1\">Nome <span class=\"wpforms-required-label\" aria-hidden=\"true\">*<\/span><\/label><input type=\"text\" id=\"wpforms-8397-field_1\" class=\"wpforms-field-medium wpforms-field-required\" name=\"wpforms[fields][1]\" aria-errormessage=\"wpforms-8397-field_1-error\" required><\/div><div id=\"wpforms-8397-field_4-container\" class=\"wpforms-field wpforms-field-number\" data-field-id=\"4\"><label class=\"wpforms-field-label\" for=\"wpforms-8397-field_4\">Numero Di Persone<\/label><input type=\"number\" pattern=\"\\d*\" id=\"wpforms-8397-field_4\" class=\"wpforms-field-medium\" name=\"wpforms[fields][4]\" aria-errormessage=\"wpforms-8397-field_4-error\" ><\/div><div id=\"wpforms-8397-field_2-container\" class=\"wpforms-field wpforms-field-date-time\" data-field-id=\"2\"><label class=\"wpforms-field-label\" for=\"wpforms-8397-field_2\">Data<\/label><div class=\"wpforms-datepicker-wrap\"><input type=\"text\" id=\"wpforms-8397-field_2\" class=\"wpforms-field-date-time-date wpforms-datepicker wpforms-field-medium\" data-date-format=\"m\/d\/Y\" data-disable-past-dates=\"0\" data-input=\"true\" name=\"wpforms[fields][2][date]\" aria-errormessage=\"wpforms-8397-field_2-error\" ><a title=\"Cancella la data\" data-clear class=\"wpforms-datepicker-clear\" style=\"display:none;\"><\/a><\/div><\/div><div id=\"wpforms-8397-field_15-container\" class=\"wpforms-field wpforms-field-text\" data-field-id=\"15\"><label class=\"wpforms-field-label\" for=\"wpforms-8397-field_15\">Nome Dell&#039;hotel<\/label><input type=\"text\" id=\"wpforms-8397-field_15\" class=\"wpforms-field-medium\" name=\"wpforms[fields][15]\" aria-errormessage=\"wpforms-8397-field_15-error\" ><\/div><div id=\"wpforms-8397-field_14-container\" class=\"wpforms-field wpforms-field-number\" data-field-id=\"14\"><label class=\"wpforms-field-label\" for=\"wpforms-8397-field_14\">Numero Di Camera<\/label><input type=\"number\" pattern=\"\\d*\" id=\"wpforms-8397-field_14\" class=\"wpforms-field-medium\" name=\"wpforms[fields][14]\" aria-errormessage=\"wpforms-8397-field_14-error\" ><\/div><div id=\"wpforms-8397-field_6-container\" class=\"wpforms-field wpforms-field-phone\" data-field-id=\"6\"><label class=\"wpforms-field-label\" for=\"wpforms-8397-field_6\">Whatsapp N.<\/label><input type=\"tel\" id=\"wpforms-8397-field_6\" class=\"wpforms-field-medium wpforms-smart-phone-field\" data-rule-smart-phone-field=\"true\" name=\"wpforms[fields][6]\" aria-errormessage=\"wpforms-8397-field_6-error\" ><\/div><div id=\"wpforms-8397-field_20-container\" class=\"wpforms-field wpforms-field-file-upload\" data-field-id=\"20\"><label class=\"wpforms-field-label\" for=\"wpforms-8397-field_20\">Immagine Del Passaporto <span class=\"wpforms-required-label\" aria-hidden=\"true\">*<\/span><\/label><input type=\"file\" id=\"wpforms-8397-field_20\" class=\"wpforms-field-required\" data-rule-extension=\"jpg,jpeg,jpe,gif,png,bmp,tiff,tif,webp,avif,ico,heic,heif,heics,heifs,asf,asx,wmv,wmx,wm,avi,divx,mov,qt,mpeg,mpg,mpe,mp4,m4v,ogv,webm,mkv,3gp,3gpp,3g2,3gp2,txt,asc,c,cc,h,srt,csv,tsv,ics,rtx,css,vtt,mp3,m4a,m4b,aac,ra,ram,wav,x-wav,ogg,oga,flac,mid,midi,wma,wax,mka,rtf,pdf,class,tar,zip,gz,gzip,rar,7z,psd,xcf,doc,pot,pps,ppt,wri,xla,xls,xlt,xlw,mpp,docx,docm,dotx,dotm,xlsx,xlsm,xlsb,xltx,xltm,xlam,pptx,pptm,ppsx,ppsm,potx,potm,ppam,sldx,sldm,onetoc,onetoc2,onepkg,oxps,xps,odt,odp,ods,odg,odc,odb,odf,wp,wpd,key,numbers,pages,svg\" data-rule-maxsize=\"536870912\" name=\"wpforms_8397_20\" accept=\".jpg,.jpeg,.jpe,.gif,.png,.bmp,.tiff,.tif,.webp,.avif,.ico,.heic,.heif,.heics,.heifs,.asf,.asx,.wmv,.wmx,.wm,.avi,.divx,.mov,.qt,.mpeg,.mpg,.mpe,.mp4,.m4v,.ogv,.webm,.mkv,.3gp,.3gpp,.3g2,.3gp2,.txt,.asc,.c,.cc,.h,.srt,.csv,.tsv,.ics,.rtx,.css,.vtt,.mp3,.m4a,.m4b,.aac,.ra,.ram,.wav,.x-wav,.ogg,.oga,.flac,.mid,.midi,.wma,.wax,.mka,.rtf,.pdf,.class,.tar,.zip,.gz,.gzip,.rar,.7z,.psd,.xcf,.doc,.pot,.pps,.ppt,.wri,.xla,.xls,.xlt,.xlw,.mpp,.docx,.docm,.dotx,.dotm,.xlsx,.xlsm,.xlsb,.xltx,.xltm,.xlam,.pptx,.pptm,.ppsx,.ppsm,.potx,.potm,.ppam,.sldx,.sldm,.onetoc,.onetoc2,.onepkg,.oxps,.xps,.odt,.odp,.ods,.odg,.odc,.odb,.odf,.wp,.wpd,.key,.numbers,.pages,.svg\" aria-errormessage=\"wpforms-8397-field_20-error\" required><\/div><\/div><!-- .wpforms-field-container --><div class=\"wpforms-submit-container\" ><input type=\"hidden\" name=\"wpforms[id]\" value=\"8397\"><input type=\"hidden\" name=\"wpforms[author]\" value=\"6\"><button type=\"submit\" name=\"wpforms[submit]\" id=\"wpforms-submit-8397\" class=\"wpforms-submit\" data-alt-text=\"Invio...\" data-submit-text=\"Invia\" aria-live=\"assertive\" value=\"wpforms-submit\">Invia<\/button><img decoding=\"async\" src=\"https:\/\/marsaalamcity.com\/wp-content\/plugins\/wpforms\/assets\/images\/submit-spin.svg\" class=\"wpforms-submit-spinner\" style=\"display: none;\" width=\"26\" height=\"26\" alt=\"Caricamento\" title=\"\"><\/div><\/form><\/div>  <!-- .wpforms-container -->\n","protected":false},"excerpt":{"rendered":"<ul>\n<li>The Caucasus Mountains are a mountain range at the intersection of Asia and Europe<\/li>\n<\/ul>\n","protected":false},"featured_media":8168,"comment_status":"open","ping_status":"closed","template":"","meta":{"_acf_changed":false},"product_brand":[],"product_cat":[150],"product_tag":[],"class_list":{"0":"post-8408","1":"product","2":"type-product","3":"status-publish","4":"has-post-thumbnail","6":"product_cat-marsa-alam","8":"first","9":"instock","10":"featured","11":"shipping-taxable","12":"purchasable","13":"product-type-ovabrw_car_rental"},"acf":[],"_links":{"self":[{"href":"https:\/\/marsaalamcity.com\/it\/wp-json\/wp\/v2\/product\/8408","targetHints":{"allow":["GET"]}}],"collection":[{"href":"https:\/\/marsaalamcity.com\/it\/wp-json\/wp\/v2\/product"}],"about":[{"href":"https:\/\/marsaalamcity.com\/it\/wp-json\/wp\/v2\/types\/product"}],"replies":[{"embeddable":true,"href":"https:\/\/marsaalamcity.com\/it\/wp-json\/wp\/v2\/comments?post=8408"}],"version-history":[{"count":0,"href":"https:\/\/marsaalamcity.com\/it\/wp-json\/wp\/v2\/product\/8408\/revisions"}],"wp:featuredmedia":[{"embeddable":true,"href":"https:\/\/marsaalamcity.com\/it\/wp-json\/wp\/v2\/media\/8168"}],"wp:attachment":[{"href":"https:\/\/marsaalamcity.com\/it\/wp-json\/wp\/v2\/media?parent=8408"}],"wp:term":[{"taxonomy":"product_brand","embeddable":true,"href":"https:\/\/marsaalamcity.com\/it\/wp-json\/wp\/v2\/product_brand?post=8408"},{"taxonomy":"product_cat","embeddable":true,"href":"https:\/\/marsaalamcity.com\/it\/wp-json\/wp\/v2\/product_cat?post=8408"},{"taxonomy":"product_tag","embeddable":true,"href":"https:\/\/marsaalamcity.com\/it\/wp-json\/wp\/v2\/product_tag?post=8408"}],"curies":[{"name":"wp","href":"https:\/\/api.w.org\/{rel}","templated":true}]}}