{"id":8412,"date":"2025-04-03T17:54:22","date_gmt":"2025-04-03T17:54:22","guid":{"rendered":"https:\/\/marsaalamcity.com\/new\/product\/luxoor-trip-from-marsa-alam\/"},"modified":"2026-04-13T07:09:56","modified_gmt":"2026-04-13T07:09:56","slug":"tour-privato-da-marsa-alam-a-luxo","status":"publish","type":"product","link":"https:\/\/marsaalamcity.com\/it\/tour\/tour-privato-da-marsa-alam-a-luxo\/","title":{"rendered":"Tour Privato da Marsa Alam a Luxor \u2013 Scopri le Meraviglie dell&#8217;Antico Egitto"},"content":{"rendered":"<h3 class=\"\" data-start=\"430\" data-end=\"514\"><strong data-start=\"434\" data-end=\"514\">Tour Privato da Marsa Alam a Luxor \u2013 Scopri le Meraviglie dell&#8217;Antico Egitto<\/strong><\/h3>\n<div id=\"attachment_9926\" style=\"width: 571px\" class=\"wp-caption alignleft\"><img fetchpriority=\"high\" decoding=\"async\" aria-describedby=\"caption-attachment-9926\" class=\" wp-image-9926\" src=\"https:\/\/marsaalamcity.com\/wp-content\/uploads\/2025\/04\/valley-of-the-kings-valley-of-the-kings-egypt-valley-of-the-kings-map-1-300x200.webp\" alt=\"Partecipa al tour privato da Marsa Alam a Luxor e visita i principali siti storici dell&#039;antico Egitto. Esplora la Valle dei Re, il Tempio della Regina Hatshepsut, i Colossi di Memnone e molto altro. Prenota ora!\" width=\"561\" height=\"374\" title=\"\" srcset=\"https:\/\/marsaalamcity.com\/wp-content\/uploads\/2025\/04\/valley-of-the-kings-valley-of-the-kings-egypt-valley-of-the-kings-map-1-300x200.webp 300w, https:\/\/marsaalamcity.com\/wp-content\/uploads\/2025\/04\/valley-of-the-kings-valley-of-the-kings-egypt-valley-of-the-kings-map-1-1024x683.webp 1024w, https:\/\/marsaalamcity.com\/wp-content\/uploads\/2025\/04\/valley-of-the-kings-valley-of-the-kings-egypt-valley-of-the-kings-map-1-768x512.webp 768w, https:\/\/marsaalamcity.com\/wp-content\/uploads\/2025\/04\/valley-of-the-kings-valley-of-the-kings-egypt-valley-of-the-kings-map-1-1536x1024.webp 1536w, https:\/\/marsaalamcity.com\/wp-content\/uploads\/2025\/04\/valley-of-the-kings-valley-of-the-kings-egypt-valley-of-the-kings-map-1-2048x1365.webp 2048w, https:\/\/marsaalamcity.com\/wp-content\/uploads\/2025\/04\/valley-of-the-kings-valley-of-the-kings-egypt-valley-of-the-kings-map-1-18x12.webp 18w, https:\/\/marsaalamcity.com\/wp-content\/uploads\/2025\/04\/valley-of-the-kings-valley-of-the-kings-egypt-valley-of-the-kings-map-1-600x400.webp 600w\" sizes=\"(max-width: 561px) 100vw, 561px\" \/><p id=\"caption-attachment-9926\" class=\"wp-caption-text\">Partecipa al tour privato da Marsa Alam a Luxor e visita i principali siti storici dell&#8217;antico Egitto. Esplora la Valle dei Re, il Tempio della Regina Hatshepsut, i Colossi di Memnone e molto altro. Prenota ora!<\/p><\/div>\n<p class=\"\" data-start=\"516\" data-end=\"1026\">Parti per un emozionante <em data-start=\"541\" data-end=\"577\">tour privato da Marsa Alam a Luxor<\/em> e immergiti nelle straordinarie bellezze storiche di questa citt\u00e0 leggendaria. Grazie alla comodit\u00e0 di un&#8217;auto privata e a una guida esperta che ti accompagner\u00e0 per tutta la giornata, avrai la possibilit\u00e0 di esplorare i monumenti iconici dell\u2019antico Egitto in un\u2019esperienza intima e unica. Scopri la magia di Luxor e dei suoi straordinari siti, tra cui la Valle dei Re, il Tempio della Regina Hatshepsut, i Colossi di Memnone e il Tempio di Karnak.<\/p>\n<hr class=\"\" data-start=\"1028\" data-end=\"1031\" \/>\n<h3 class=\"\" data-start=\"1033\" data-end=\"1090\"><strong data-start=\"1037\" data-end=\"1090\">Punti Salienti del Tour Privato Marsa Alam Luxor:<\/strong><\/h3>\n<ul data-start=\"1092\" data-end=\"2121\">\n<li class=\"\" data-start=\"1092\" data-end=\"1333\">\n<p class=\"\" data-start=\"1094\" data-end=\"1333\"><strong data-start=\"1094\" data-end=\"1111\">Valle dei Re:<\/strong> Inizia il tour con una visita alla famosa Valle dei Re, dove riposano i faraoni pi\u00f9 potenti dell\u2019Egitto, tra cui Tutankhamon. Ammira le tombe e i magnifici geroglifici che raccontano la storia di queste figure legendarie.<\/p>\n<\/li>\n<li class=\"\" data-start=\"1335\" data-end=\"1604\">\n<p class=\"\" data-start=\"1337\" data-end=\"1604\"><strong data-start=\"1337\" data-end=\"1372\">Tempio della Regina Hatshepsut:<\/strong> Il <em data-start=\"1376\" data-end=\"1408\">Tempio della Regina Hatshepsut<\/em> \u00e8 uno dei luoghi pi\u00f9 affascinanti di Luxor. Con la sua imponente architettura, questo tempio racconta la storia di Hatshepsut, una delle regine pi\u00f9 straordinarie e di successo dell\u2019Egitto antico.<\/p>\n<\/li>\n<li class=\"\" data-start=\"1606\" data-end=\"1840\">\n<p class=\"\" data-start=\"1608\" data-end=\"1840\"><strong data-start=\"1608\" data-end=\"1631\">Colossi di Memnone:<\/strong> Ammira i Colossi di Memnone, due enormi statue che rappresentano il faraone Amenhotep III. Queste statue, che svettano maestose all&#8217;ingresso della necropoli tebana, sono un simbolo iconico dell&#8217;antico Egitto.<\/p>\n<\/li>\n<li class=\"\" data-start=\"1842\" data-end=\"2121\">\n<p class=\"\" data-start=\"1844\" data-end=\"2121\"><strong data-start=\"1844\" data-end=\"1865\">Tempio di Karnak:<\/strong> Concludi il tour con una visita al magnifico Tempio di Karnak, uno dei complessi religiosi pi\u00f9 grandi e imponenti del mondo antico. Passeggia tra le colonne monumentali e i templi dedicati al dio Amon, testimoniando la grandezza di una civilt\u00e0 millenaria.<\/p>\n<\/li>\n<\/ul>\n<hr class=\"\" data-start=\"2123\" data-end=\"2126\" \/>\n<h3 class=\"\" data-start=\"2128\" data-end=\"2185\"><strong data-start=\"2132\" data-end=\"2185\">Cosa \u00e8 Incluso nel Tour Privato Marsa Alam Luxor:<\/strong><\/h3>\n<ul data-start=\"2186\" data-end=\"2446\">\n<li class=\"\" data-start=\"2186\" data-end=\"2227\">\n<p class=\"\" data-start=\"2188\" data-end=\"2227\">Trasporto privato da Marsa Alam a Luxor<\/p>\n<\/li>\n<li class=\"\" data-start=\"2228\" data-end=\"2269\">\n<p class=\"\" data-start=\"2230\" data-end=\"2269\">Guida esperta durante tutta la giornata<\/p>\n<\/li>\n<li class=\"\" data-start=\"2270\" data-end=\"2375\">\n<p class=\"\" data-start=\"2272\" data-end=\"2375\">Visite guidate alla Valle dei Re, Tempio della Regina Hatshepsut, Colossi di Memnone e Tempio di Karnak<\/p>\n<\/li>\n<li class=\"\" data-start=\"2376\" data-end=\"2414\">\n<p class=\"\" data-start=\"2378\" data-end=\"2414\">Tempo libero per esplorare ogni sito<\/p>\n<\/li>\n<li class=\"\" data-start=\"2415\" data-end=\"2446\">\n<p class=\"\" data-start=\"2417\" data-end=\"2446\">Ritorno in hotel a Marsa Alam<\/p>\n<\/li>\n<\/ul>\n<hr class=\"\" data-start=\"2448\" data-end=\"2451\" \/>\n<h3 class=\"\" data-start=\"2453\" data-end=\"2512\"><strong data-start=\"2457\" data-end=\"2512\">Orari e Dettagli del Tour Privato Marsa Alam Luxor:<\/strong><\/h3>\n<ul data-start=\"2513\" data-end=\"2721\">\n<li class=\"\" data-start=\"2513\" data-end=\"2566\">\n<p class=\"\" data-start=\"2515\" data-end=\"2566\"><strong data-start=\"2515\" data-end=\"2535\">Durata del Tour:<\/strong> Circa 12 ore (intera giornata)<\/p>\n<\/li>\n<li class=\"\" data-start=\"2567\" data-end=\"2644\">\n<p class=\"\" data-start=\"2569\" data-end=\"2644\"><strong data-start=\"2569\" data-end=\"2592\">Orario di Partenza:<\/strong> Mattina presto, per sfruttare al meglio la giornata<\/p>\n<\/li>\n<li class=\"\" data-start=\"2645\" data-end=\"2721\">\n<p class=\"\" data-start=\"2647\" data-end=\"2721\"><strong data-start=\"2647\" data-end=\"2660\">Adatto a:<\/strong> Chiunque voglia esplorare Luxor in modo privato ed esclusivo<\/p>\n<\/li>\n<\/ul>\n<hr class=\"\" data-start=\"2723\" data-end=\"2726\" \/>\n<h3 class=\"\" data-start=\"2728\" data-end=\"2790\"><strong data-start=\"2732\" data-end=\"2790\">Perch\u00e9 Scegliere Questo Tour Privato Marsa Alam Luxor?<\/strong><\/h3>\n<p class=\"\" data-start=\"2791\" data-end=\"3131\">Un <em data-start=\"2794\" data-end=\"2830\">tour privato da Marsa Alam a Luxor<\/em> \u00e8 la scelta ideale per chi desidera un&#8217;esperienza unica e personalizzata. Con una guida esperta e il comfort di un\u2019auto privata, potrai godere di ogni dettaglio dei siti storici, immergendoti nella storia dell&#8217;antico Egitto senza fretta. Non perdere l&#8217;opportunit\u00e0 di scoprire Luxor in modo esclusivo!<\/p>\n<p>.<\/p>\n<p>&nbsp;<\/p>\n<hr style=\"border-width: 1; color: #e6e6e6;\" \/>\n<h2>Per iscriverti al viaggio compila il seguente Form<\/h2>\n<div class=\"wpforms-container wpforms-container-full wpforms-render-modern\" id=\"wpforms-8397\"><form id=\"wpforms-form-8397\" class=\"wpforms-validate wpforms-form wpforms-ajax-form\" data-formid=\"8397\" method=\"post\" enctype=\"multipart\/form-data\" action=\"\/it\/wp-json\/wp\/v2\/product\/8412?wpforms_form_id=8397\" data-token=\"83322489c29ffcda063d3de34792e5b0\"><noscript class=\"wpforms-error-noscript\">Abilita JavaScript nel browser per completare questo modulo.<\/noscript><div class=\"wpforms-hidden\" id=\"wpforms-error-noscript\">Abilita JavaScript nel browser per completare questo modulo.<\/div><div class=\"wpforms-field-container\"><div id=\"wpforms-8397-field_1-container\" class=\"wpforms-field wpforms-field-text\" data-field-id=\"1\"><label class=\"wpforms-field-label\" for=\"wpforms-8397-field_1\">Nome <span class=\"wpforms-required-label\" aria-hidden=\"true\">*<\/span><\/label><input type=\"text\" id=\"wpforms-8397-field_1\" class=\"wpforms-field-medium wpforms-field-required\" name=\"wpforms[fields][1]\" aria-errormessage=\"wpforms-8397-field_1-error\" required><\/div><div id=\"wpforms-8397-field_4-container\" class=\"wpforms-field wpforms-field-number\" data-field-id=\"4\"><label class=\"wpforms-field-label\" for=\"wpforms-8397-field_4\">Numero Di Persone<\/label><input type=\"number\" pattern=\"\\d*\" id=\"wpforms-8397-field_4\" class=\"wpforms-field-medium\" name=\"wpforms[fields][4]\" aria-errormessage=\"wpforms-8397-field_4-error\" ><\/div><div id=\"wpforms-8397-field_2-container\" class=\"wpforms-field wpforms-field-date-time\" data-field-id=\"2\"><label class=\"wpforms-field-label\" for=\"wpforms-8397-field_2\">Data<\/label><div class=\"wpforms-datepicker-wrap\"><input type=\"text\" id=\"wpforms-8397-field_2\" class=\"wpforms-field-date-time-date wpforms-datepicker wpforms-field-medium\" data-date-format=\"m\/d\/Y\" data-disable-past-dates=\"0\" data-input=\"true\" name=\"wpforms[fields][2][date]\" aria-errormessage=\"wpforms-8397-field_2-error\" ><a title=\"Cancella la data\" data-clear class=\"wpforms-datepicker-clear\" style=\"display:none;\"><\/a><\/div><\/div><div id=\"wpforms-8397-field_15-container\" class=\"wpforms-field wpforms-field-text\" data-field-id=\"15\"><label class=\"wpforms-field-label\" for=\"wpforms-8397-field_15\">Nome Dell&#039;hotel<\/label><input type=\"text\" id=\"wpforms-8397-field_15\" class=\"wpforms-field-medium\" name=\"wpforms[fields][15]\" aria-errormessage=\"wpforms-8397-field_15-error\" ><\/div><div id=\"wpforms-8397-field_14-container\" class=\"wpforms-field wpforms-field-number\" data-field-id=\"14\"><label class=\"wpforms-field-label\" for=\"wpforms-8397-field_14\">Numero Di Camera<\/label><input type=\"number\" pattern=\"\\d*\" id=\"wpforms-8397-field_14\" class=\"wpforms-field-medium\" name=\"wpforms[fields][14]\" aria-errormessage=\"wpforms-8397-field_14-error\" ><\/div><div id=\"wpforms-8397-field_6-container\" class=\"wpforms-field wpforms-field-phone\" data-field-id=\"6\"><label class=\"wpforms-field-label\" for=\"wpforms-8397-field_6\">Whatsapp N.<\/label><input type=\"tel\" id=\"wpforms-8397-field_6\" class=\"wpforms-field-medium wpforms-smart-phone-field\" data-rule-smart-phone-field=\"true\" name=\"wpforms[fields][6]\" aria-errormessage=\"wpforms-8397-field_6-error\" ><\/div><div id=\"wpforms-8397-field_20-container\" class=\"wpforms-field wpforms-field-file-upload\" data-field-id=\"20\"><label class=\"wpforms-field-label\" for=\"wpforms-8397-field_20\">Immagine Del Passaporto <span class=\"wpforms-required-label\" aria-hidden=\"true\">*<\/span><\/label><input type=\"file\" id=\"wpforms-8397-field_20\" class=\"wpforms-field-required\" data-rule-extension=\"jpg,jpeg,jpe,gif,png,bmp,tiff,tif,webp,avif,ico,heic,heif,heics,heifs,asf,asx,wmv,wmx,wm,avi,divx,mov,qt,mpeg,mpg,mpe,mp4,m4v,ogv,webm,mkv,3gp,3gpp,3g2,3gp2,txt,asc,c,cc,h,srt,csv,tsv,ics,rtx,css,vtt,mp3,m4a,m4b,aac,ra,ram,wav,x-wav,ogg,oga,flac,mid,midi,wma,wax,mka,rtf,pdf,class,tar,zip,gz,gzip,rar,7z,psd,xcf,doc,pot,pps,ppt,wri,xla,xls,xlt,xlw,mpp,docx,docm,dotx,dotm,xlsx,xlsm,xlsb,xltx,xltm,xlam,pptx,pptm,ppsx,ppsm,potx,potm,ppam,sldx,sldm,onetoc,onetoc2,onepkg,oxps,xps,odt,odp,ods,odg,odc,odb,odf,wp,wpd,key,numbers,pages,svg\" data-rule-maxsize=\"536870912\" name=\"wpforms_8397_20\" accept=\".jpg,.jpeg,.jpe,.gif,.png,.bmp,.tiff,.tif,.webp,.avif,.ico,.heic,.heif,.heics,.heifs,.asf,.asx,.wmv,.wmx,.wm,.avi,.divx,.mov,.qt,.mpeg,.mpg,.mpe,.mp4,.m4v,.ogv,.webm,.mkv,.3gp,.3gpp,.3g2,.3gp2,.txt,.asc,.c,.cc,.h,.srt,.csv,.tsv,.ics,.rtx,.css,.vtt,.mp3,.m4a,.m4b,.aac,.ra,.ram,.wav,.x-wav,.ogg,.oga,.flac,.mid,.midi,.wma,.wax,.mka,.rtf,.pdf,.class,.tar,.zip,.gz,.gzip,.rar,.7z,.psd,.xcf,.doc,.pot,.pps,.ppt,.wri,.xla,.xls,.xlt,.xlw,.mpp,.docx,.docm,.dotx,.dotm,.xlsx,.xlsm,.xlsb,.xltx,.xltm,.xlam,.pptx,.pptm,.ppsx,.ppsm,.potx,.potm,.ppam,.sldx,.sldm,.onetoc,.onetoc2,.onepkg,.oxps,.xps,.odt,.odp,.ods,.odg,.odc,.odb,.odf,.wp,.wpd,.key,.numbers,.pages,.svg\" aria-errormessage=\"wpforms-8397-field_20-error\" required><\/div><\/div><!-- .wpforms-field-container --><div class=\"wpforms-submit-container\" ><input type=\"hidden\" name=\"wpforms[id]\" value=\"8397\"><input type=\"hidden\" name=\"wpforms[author]\" value=\"2\"><button type=\"submit\" name=\"wpforms[submit]\" id=\"wpforms-submit-8397\" class=\"wpforms-submit\" data-alt-text=\"Invio...\" data-submit-text=\"Invia\" aria-live=\"assertive\" value=\"wpforms-submit\">Invia<\/button><img decoding=\"async\" src=\"https:\/\/marsaalamcity.com\/wp-content\/plugins\/wpforms\/assets\/images\/submit-spin.svg\" class=\"wpforms-submit-spinner\" style=\"display: none;\" width=\"26\" height=\"26\" alt=\"Caricamento\" title=\"\"><\/div><\/form><\/div>  <!-- .wpforms-container -->\n","protected":false},"excerpt":{"rendered":"<ul>\n<li>Goditi un viaggio straordinario da Marsa Alam ad Aswan con il nostro tour giornaliero di Aswan.<\/li>\n<\/ul>\n<p>&nbsp;<\/p>\n","protected":false},"featured_media":9926,"comment_status":"open","ping_status":"closed","template":"","meta":{"_acf_changed":false},"product_brand":[],"product_cat":[147],"product_tag":[],"class_list":{"0":"post-8412","1":"product","2":"type-product","3":"status-publish","4":"has-post-thumbnail","6":"product_cat-viaggi-a-marsa-alam","8":"first","9":"instock","10":"shipping-taxable","11":"product-type-simple"},"acf":[],"_links":{"self":[{"href":"https:\/\/marsaalamcity.com\/it\/wp-json\/wp\/v2\/product\/8412","targetHints":{"allow":["GET"]}}],"collection":[{"href":"https:\/\/marsaalamcity.com\/it\/wp-json\/wp\/v2\/product"}],"about":[{"href":"https:\/\/marsaalamcity.com\/it\/wp-json\/wp\/v2\/types\/product"}],"replies":[{"embeddable":true,"href":"https:\/\/marsaalamcity.com\/it\/wp-json\/wp\/v2\/comments?post=8412"}],"version-history":[{"count":0,"href":"https:\/\/marsaalamcity.com\/it\/wp-json\/wp\/v2\/product\/8412\/revisions"}],"wp:featuredmedia":[{"embeddable":true,"href":"https:\/\/marsaalamcity.com\/it\/wp-json\/wp\/v2\/media\/9926"}],"wp:attachment":[{"href":"https:\/\/marsaalamcity.com\/it\/wp-json\/wp\/v2\/media?parent=8412"}],"wp:term":[{"taxonomy":"product_brand","embeddable":true,"href":"https:\/\/marsaalamcity.com\/it\/wp-json\/wp\/v2\/product_brand?post=8412"},{"taxonomy":"product_cat","embeddable":true,"href":"https:\/\/marsaalamcity.com\/it\/wp-json\/wp\/v2\/product_cat?post=8412"},{"taxonomy":"product_tag","embeddable":true,"href":"https:\/\/marsaalamcity.com\/it\/wp-json\/wp\/v2\/product_tag?post=8412"}],"curies":[{"name":"wp","href":"https:\/\/api.w.org\/{rel}","templated":true}]}}