{"id":8426,"date":"2025-08-22T15:05:35","date_gmt":"2025-08-22T15:05:35","guid":{"rendered":"https:\/\/marsaalamcity.com\/new\/product\/marsa-alam-city-shopping-trip\/"},"modified":"2026-03-20T17:09:22","modified_gmt":"2026-03-20T17:09:22","slug":"tour-di-shopping-a-marsa-alam","status":"publish","type":"product","link":"https:\/\/marsaalamcity.com\/it\/tour\/tour-di-shopping-a-marsa-alam\/","title":{"rendered":"Tour di Shopping a Marsa Alam: Esplora i Mercati Locali e i Tesori Artigianali"},"content":{"rendered":"<h4 class=\"\" data-start=\"297\" data-end=\"392\"><strong data-start=\"302\" data-end=\"390\">Esplora i Mercati Tradizionali di Marsa Alam con un Tour di Shopping Indimenticabile<\/strong><\/h4>\n<p class=\"\" data-start=\"394\" data-end=\"820\">Marsa Alam non \u00e8 solo mare cristallino e resort di lusso, ma anche un tesoro di tradizioni locali e artigianato autentico. Con questo tour di shopping, avrai l&#8217;opportunit\u00e0 di scoprire i mercati pi\u00f9 vivaci, contrattare con venditori amichevoli e portare a casa souvenir unici. Con una guida esperta al tuo fianco, vivrai un\u2019esperienza immersiva tra spezie profumate, tessuti colorati e prodotti tipici della cultura egiziana.<\/p>\n<article class=\"text-token-text-primary w-full focus:outline-none scroll-mt-[calc(var(--header-height)+min(200px,max(70px,20svh)))]\" dir=\"auto\" tabindex=\"-1\" data-turn-id=\"c31f586e-2093-42a7-8036-a53950efa87e\" data-testid=\"conversation-turn-2\" data-scroll-anchor=\"true\" data-turn=\"assistant\">\n<div class=\"text-base my-auto mx-auto pb-10 [--thread-content-margin:--spacing(4)] @[37rem]:[--thread-content-margin:--spacing(6)] @[72rem]:[--thread-content-margin:--spacing(16)] px-(--thread-content-margin)\">\n<div class=\"[--thread-content-max-width:32rem] @[34rem]:[--thread-content-max-width:40rem] @[64rem]:[--thread-content-max-width:48rem] mx-auto max-w-(--thread-content-max-width) flex-1 group\/turn-messages focus-visible:outline-hidden relative flex w-full min-w-0 flex-col agent-turn\" tabindex=\"-1\">\n<div class=\"flex max-w-full flex-col grow\">\n<div class=\"min-h-8 text-message relative flex w-full flex-col items-end gap-2 text-start break-words whitespace-normal [.text-message+&amp;]:mt-5\" dir=\"auto\" data-message-author-role=\"assistant\" data-message-id=\"5dd3e86a-45e2-44e3-aca4-b1aeb58fa3ec\" data-message-model-slug=\"gpt-5\">\n<div class=\"flex w-full flex-col gap-1 empty:hidden first:pt-[3px]\">\n<div class=\"markdown prose dark:prose-invert w-full break-words dark markdown-new-styling\">\n<p data-start=\"0\" data-end=\"777\" data-is-last-node=\"\" data-is-only-node=\"\">Durante il tour, scoprirai i luoghi migliori per lo <strong data-start=\"479\" data-end=\"504\">shopping a Marsa Alam<\/strong>, dove potrai esplorare ogni angolo del <strong data-start=\"544\" data-end=\"566\">Marsa Alam mercato<\/strong> e trovare articoli autentici che raccontano la storia e le tradizioni del posto. Questa esperienza render\u00e0 il tuo viaggio ancora pi\u00f9 speciale, permettendoti di entrare in contatto con la vera anima della citt\u00e0.<\/p>\n<p data-start=\"0\" data-end=\"777\" data-is-last-node=\"\" data-is-only-node=\"\">Inoltre, riceverai consigli su <strong data-start=\"922\" data-end=\"952\">cosa comprare a Marsa Alam<\/strong> per portare a casa i ricordi pi\u00f9 autentici e preziosi del tuo viaggio. Passeggiando tra i caratteristici <strong data-start=\"1058\" data-end=\"1079\">Marsa Alam negozi<\/strong>, avrai modo di scoprire prodotti tipici, manufatti artigianali e piccoli tesori locali che renderanno unica la tua esperienza di shopping.<\/p>\n<\/div>\n<\/div>\n<\/div>\n<\/div>\n<div class=\"flex min-h-[46px] justify-start\"><\/div>\n<\/div>\n<\/div>\n<\/article>\n<div id=\"attachment_7536\" style=\"width: 310px\" class=\"wp-caption alignleft\"><img fetchpriority=\"high\" decoding=\"async\" aria-describedby=\"caption-attachment-7536\" class=\"size-medium wp-image-7536\" src=\"https:\/\/marsaalamcity.com\/wp-content\/uploads\/2023\/10\/6-min-300x200.jpg\" alt=\" Scopri i mercati vivaci di Marsa Alam con un tour di shopping guidato. Trova souvenir unici, spezie locali e vivi l&#039;autentica cultura egiziana!\" width=\"300\" height=\"200\" title=\"\" srcset=\"https:\/\/marsaalamcity.com\/wp-content\/uploads\/2023\/10\/6-min-300x200.jpg 300w, https:\/\/marsaalamcity.com\/wp-content\/uploads\/2023\/10\/6-min-768x512.jpg 768w, https:\/\/marsaalamcity.com\/wp-content\/uploads\/2023\/10\/6-min-636x426.jpg 636w, https:\/\/marsaalamcity.com\/wp-content\/uploads\/2023\/10\/6-min-600x400.jpg 600w, https:\/\/marsaalamcity.com\/wp-content\/uploads\/2023\/10\/6-min.jpg 900w\" sizes=\"(max-width: 300px) 100vw, 300px\" \/><p id=\"caption-attachment-7536\" class=\"wp-caption-text\">Scopri i mercati vivaci di Marsa Alam con un tour di shopping guidato. Trova souvenir unici, spezie locali e vivi l&#8217;autentica cultura egiziana!<\/p><\/div>\n<h3 class=\"\" data-start=\"827\" data-end=\"860\"><strong data-start=\"831\" data-end=\"858\">Punti Salienti del Tour<\/strong><\/h3>\n<p class=\"\" data-start=\"862\" data-end=\"1563\">\u2705 <strong data-start=\"864\" data-end=\"893\">Esplora i Mercati Locali:<\/strong> Scopri i souk pi\u00f9 autentici e le botteghe artigianali di Marsa Alam.<br data-start=\"962\" data-end=\"965\" \/>\u2705 <strong data-start=\"967\" data-end=\"986\">Souvenir Unici:<\/strong> Trova gioielli, tessuti, oggetti d\u2019artigianato e manufatti egiziani da portare a casa.<br data-start=\"1073\" data-end=\"1076\" \/>\u2705 <strong data-start=\"1078\" data-end=\"1098\">Prodotti Locali:<\/strong> Sperimenta il vero sapore dell\u2019Egitto con spezie, oli essenziali, datteri e profumi artigianali.<br data-start=\"1195\" data-end=\"1198\" \/>\u2705 <strong data-start=\"1200\" data-end=\"1235\">Contrattazione con i Venditori:<\/strong> Affina le tue abilit\u00e0 di negoziazione e ottieni il miglior prezzo possibile.<br data-start=\"1312\" data-end=\"1315\" \/>\u2705 <strong data-start=\"1317\" data-end=\"1357\">Consigli di un&#8217;Esperta Guida Locale:<\/strong> Ottieni suggerimenti su cosa comprare e su come riconoscere prodotti di qualit\u00e0.<br data-start=\"1438\" data-end=\"1441\" \/>\u2705 <strong data-start=\"1443\" data-end=\"1470\">Pause nei Caff\u00e8 Locali:<\/strong> Rilassati con un t\u00e8 alla menta o un tradizionale caff\u00e8 egiziano in un\u2019atmosfera autentica.<\/p>\n<h3 class=\"\" data-start=\"1570\" data-end=\"1611\"><strong data-start=\"1574\" data-end=\"1609\">Cosa Aspettarsi Durante il Tour<\/strong><\/h3>\n<p class=\"\" data-start=\"1613\" data-end=\"2468\">\ud83d\ude90 <strong data-start=\"1616\" data-end=\"1648\">Trasferimento dal tuo Hotel:<\/strong> Un autista privato ti porter\u00e0 nei migliori mercati e bazar di Marsa Alam.<br data-start=\"1722\" data-end=\"1725\" \/>\ud83d\udecd\ufe0f <strong data-start=\"1729\" data-end=\"1755\">Esplorazione dei Souk:<\/strong> Passeggia tra bancarelle colorate e scopri prodotti tipici della tradizione egiziana.<br data-start=\"1841\" data-end=\"1844\" \/>\ud83d\udc8e <strong data-start=\"1847\" data-end=\"1875\">Shopping di Artigianato:<\/strong> Scegli tra tappeti fatti a mano, ceramiche artistiche, sculture in legno e gioielli in argento.<br data-start=\"1971\" data-end=\"1974\" \/>\ud83c\udf36\ufe0f <strong data-start=\"1978\" data-end=\"2006\">Scopri le Spezie Locali:<\/strong> Annusa e assaggia le spezie pi\u00f9 pregiate, come il cumino, lo zafferano e la curcuma.<br data-start=\"2091\" data-end=\"2094\" \/>\ud83d\udcb0 <strong data-start=\"2097\" data-end=\"2133\">Esercitati nella Contrattazione:<\/strong> Con l\u2019aiuto della guida, impara a negoziare i prezzi con i venditori locali.<br data-start=\"2210\" data-end=\"2213\" \/>\u2615 <strong data-start=\"2215\" data-end=\"2250\">Pausa in un Caff\u00e8 Tradizionale:<\/strong> Concludi il tour con una rilassante pausa sorseggiando t\u00e8 alla menta o un caff\u00e8 arabo.<br data-start=\"2337\" data-end=\"2340\" \/>\ud83d\ude8d <strong data-start=\"2343\" data-end=\"2364\">Ritorno in Hotel:<\/strong> Dopo una giornata ricca di scoperte, il nostro autista ti riaccompagner\u00e0 comodamente al tuo alloggio.<\/p>\n<h3 class=\"\" data-start=\"2475\" data-end=\"2534\"><strong data-start=\"2479\" data-end=\"2532\">Prenota Ora il Tuo Tour di Shopping a Marsa Alam!<\/strong><\/h3>\n<p class=\"\" data-start=\"2536\" data-end=\"2648\">Non perdere l\u2019opportunit\u00e0 di vivere un\u2019esperienza di shopping autentica e portare a casa un pezzo dell\u2019Egitto!<\/p>\n<p class=\"\" data-start=\"2650\" data-end=\"2778\">\ud83d\udccd <strong data-start=\"2653\" data-end=\"2664\">Durata:<\/strong> Circa 4 ore<br data-start=\"2676\" data-end=\"2679\" \/>\ud83d\udcc5 <strong data-start=\"2682\" data-end=\"2700\">Disponibilit\u00e0:<\/strong> Tutti i giorni<br data-start=\"2715\" data-end=\"2718\" \/>\ud83d\udcb0 <strong data-start=\"2721\" data-end=\"2732\">Prezzo:<\/strong> Contattaci per un preventivo personalizzato<\/p>\n<h2>Per iscriverti al viaggio compila il seguente Form<\/h2>\n<div class=\"wpforms-container wpforms-container-full wpforms-render-modern\" id=\"wpforms-8384\"><form id=\"wpforms-form-8384\" class=\"wpforms-validate wpforms-form wpforms-ajax-form\" data-formid=\"8384\" method=\"post\" enctype=\"multipart\/form-data\" action=\"\/it\/wp-json\/wp\/v2\/product\/8426\" data-token=\"3adc11160a9dc97e319549f50c9c96bf\"><noscript class=\"wpforms-error-noscript\">Abilita JavaScript nel browser per completare questo modulo.<\/noscript><div class=\"wpforms-hidden\" id=\"wpforms-error-noscript\">Abilita JavaScript nel browser per completare questo modulo.<\/div><div class=\"wpforms-field-container\"><div id=\"wpforms-8384-field_1-container\" class=\"wpforms-field wpforms-field-text\" data-field-id=\"1\"><label class=\"wpforms-field-label\" for=\"wpforms-8384-field_1\">Nome <span class=\"wpforms-required-label\" aria-hidden=\"true\">*<\/span><\/label><input type=\"text\" id=\"wpforms-8384-field_1\" class=\"wpforms-field-medium wpforms-field-required\" name=\"wpforms[fields][1]\" aria-errormessage=\"wpforms-8384-field_1-error\" required><\/div><div id=\"wpforms-8384-field_2-container\" class=\"wpforms-field wpforms-field-date-time\" data-field-id=\"2\"><label class=\"wpforms-field-label\" for=\"wpforms-8384-field_2\">Data<\/label><div class=\"wpforms-datepicker-wrap\"><input type=\"text\" id=\"wpforms-8384-field_2\" class=\"wpforms-field-date-time-date wpforms-datepicker wpforms-field-medium\" data-date-format=\"m\/d\/Y\" data-disable-past-dates=\"0\" data-input=\"true\" name=\"wpforms[fields][2][date]\" aria-errormessage=\"wpforms-8384-field_2-error\" ><a title=\"Cancella la data\" data-clear class=\"wpforms-datepicker-clear\" style=\"display:none;\"><\/a><\/div><\/div><div id=\"wpforms-8384-field_20-container\" class=\"wpforms-field wpforms-field-date-time\" data-field-id=\"20\"><label class=\"wpforms-field-label\" for=\"wpforms-8384-field_20-time\">Orario Di Partenza<\/label><input type=\"text\" id=\"wpforms-8384-field_20-time\" class=\"wpforms-field-date-time-time wpforms-timepicker wpforms-field-medium\" data-time-format=\"g:i A\" data-step=\"30\" data-rule-time12h=\"true\" name=\"wpforms[fields][20][time]\" aria-errormessage=\"wpforms-8384-field_20-time-error\" ><\/div><div id=\"wpforms-8384-field_15-container\" class=\"wpforms-field wpforms-field-text\" data-field-id=\"15\"><label class=\"wpforms-field-label\" for=\"wpforms-8384-field_15\">Nome dell&#039;hotel<\/label><input type=\"text\" id=\"wpforms-8384-field_15\" class=\"wpforms-field-medium\" name=\"wpforms[fields][15]\" aria-errormessage=\"wpforms-8384-field_15-error\" ><\/div><div id=\"wpforms-8384-field_21-container\" class=\"wpforms-field wpforms-field-date-time\" data-field-id=\"21\"><label class=\"wpforms-field-label\" for=\"wpforms-8384-field_21-time\">Orario Di Arrivo<\/label><input type=\"text\" id=\"wpforms-8384-field_21-time\" class=\"wpforms-field-date-time-time wpforms-timepicker wpforms-field-medium\" data-time-format=\"g:i A\" data-step=\"30\" data-rule-time12h=\"true\" name=\"wpforms[fields][21][time]\" aria-errormessage=\"wpforms-8384-field_21-time-error\" ><\/div><div id=\"wpforms-8384-field_14-container\" class=\"wpforms-field wpforms-field-number\" data-field-id=\"14\"><label class=\"wpforms-field-label\" for=\"wpforms-8384-field_14\">Numero Di Camera<\/label><input type=\"number\" pattern=\"\\d*\" id=\"wpforms-8384-field_14\" class=\"wpforms-field-medium\" name=\"wpforms[fields][14]\" aria-errormessage=\"wpforms-8384-field_14-error\" ><\/div><div id=\"wpforms-8384-field_4-container\" class=\"wpforms-field wpforms-field-number\" data-field-id=\"4\"><label class=\"wpforms-field-label\" for=\"wpforms-8384-field_4\">Numero di persone<\/label><input type=\"number\" pattern=\"\\d*\" id=\"wpforms-8384-field_4\" class=\"wpforms-field-medium\" name=\"wpforms[fields][4]\" aria-errormessage=\"wpforms-8384-field_4-error\" ><\/div><div id=\"wpforms-8384-field_5-container\" class=\"wpforms-field wpforms-field-text\" data-field-id=\"5\"><label class=\"wpforms-field-label\" for=\"wpforms-8384-field_5\">Tipo Di Auto<\/label><input type=\"text\" id=\"wpforms-8384-field_5\" class=\"wpforms-field-medium\" name=\"wpforms[fields][5]\" aria-errormessage=\"wpforms-8384-field_5-error\" ><\/div><div id=\"wpforms-8384-field_6-container\" class=\"wpforms-field wpforms-field-phone\" data-field-id=\"6\"><label class=\"wpforms-field-label\" for=\"wpforms-8384-field_6\">Whatsapp N.<\/label><input type=\"tel\" id=\"wpforms-8384-field_6\" class=\"wpforms-field-medium wpforms-smart-phone-field\" data-rule-smart-phone-field=\"true\" name=\"wpforms[fields][6]\" aria-errormessage=\"wpforms-8384-field_6-error\" ><\/div><\/div><!-- .wpforms-field-container --><div class=\"wpforms-submit-container\" ><input type=\"hidden\" name=\"wpforms[id]\" value=\"8384\"><input type=\"hidden\" name=\"wpforms[author]\" value=\"2\"><button type=\"submit\" name=\"wpforms[submit]\" id=\"wpforms-submit-8384\" class=\"wpforms-submit\" data-alt-text=\"Invio...\" data-submit-text=\"Invia\" aria-live=\"assertive\" value=\"wpforms-submit\">Invia<\/button><img decoding=\"async\" src=\"https:\/\/marsaalamcity.com\/wp-content\/plugins\/wpforms\/assets\/images\/submit-spin.svg\" class=\"wpforms-submit-spinner\" style=\"display: none;\" width=\"26\" height=\"26\" alt=\"Caricamento\" title=\"\"><\/div><\/form><\/div>  <!-- .wpforms-container -->\n","protected":false},"excerpt":{"rendered":"<ul>\n<li>Le montagne del Caucaso sono una catena montuosa all&#8217;intersezione tra Asia ed Europa<\/li>\n<\/ul>\n","protected":false},"featured_media":8156,"comment_status":"open","ping_status":"closed","template":"","meta":{"_acf_changed":false},"product_brand":[],"product_cat":[150],"product_tag":[],"class_list":{"0":"post-8426","1":"product","2":"type-product","3":"status-publish","4":"has-post-thumbnail","6":"product_cat-marsa-alam","8":"first","9":"instock","10":"featured","11":"shipping-taxable","12":"product-type-ovabrw_car_rental"},"acf":[],"_links":{"self":[{"href":"https:\/\/marsaalamcity.com\/it\/wp-json\/wp\/v2\/product\/8426","targetHints":{"allow":["GET"]}}],"collection":[{"href":"https:\/\/marsaalamcity.com\/it\/wp-json\/wp\/v2\/product"}],"about":[{"href":"https:\/\/marsaalamcity.com\/it\/wp-json\/wp\/v2\/types\/product"}],"replies":[{"embeddable":true,"href":"https:\/\/marsaalamcity.com\/it\/wp-json\/wp\/v2\/comments?post=8426"}],"version-history":[{"count":0,"href":"https:\/\/marsaalamcity.com\/it\/wp-json\/wp\/v2\/product\/8426\/revisions"}],"wp:featuredmedia":[{"embeddable":true,"href":"https:\/\/marsaalamcity.com\/it\/wp-json\/wp\/v2\/media\/8156"}],"wp:attachment":[{"href":"https:\/\/marsaalamcity.com\/it\/wp-json\/wp\/v2\/media?parent=8426"}],"wp:term":[{"taxonomy":"product_brand","embeddable":true,"href":"https:\/\/marsaalamcity.com\/it\/wp-json\/wp\/v2\/product_brand?post=8426"},{"taxonomy":"product_cat","embeddable":true,"href":"https:\/\/marsaalamcity.com\/it\/wp-json\/wp\/v2\/product_cat?post=8426"},{"taxonomy":"product_tag","embeddable":true,"href":"https:\/\/marsaalamcity.com\/it\/wp-json\/wp\/v2\/product_tag?post=8426"}],"curies":[{"name":"wp","href":"https:\/\/api.w.org\/{rel}","templated":true}]}}